{"id":86774,"date":"2026-01-30T15:02:57","date_gmt":"2026-01-30T14:02:57","guid":{"rendered":"https:\/\/www.manetti.com\/?post_type=product&#038;p=86774"},"modified":"2026-02-05T10:57:13","modified_gmt":"2026-02-05T09:57:13","slug":"pinceaux-canova","status":"publish","type":"product","link":"https:\/\/www.manetti.com\/fr\/produit\/pinceaux-canova\/","title":{"rendered":"Pinceaux \u201ccanova\u201d"},"content":{"rendered":"<p>Pinceau en poils synth\u00e9tiques en \u201clangue de chat\u201d, avec virole en laiton nickel\u00e9. La forme de la pointe permet une application pr\u00e9cise et uniforme des mixtions dans les gravures sur les pierres tombales et les s\u00e9pultures.<\/p>\n","protected":false},"excerpt":{"rendered":"<p>Pinceau en poils synth\u00e9tiques en \u201clangue de chat\u201d, avec virole en laiton nickel\u00e9. La forme de la pointe permet une application pr\u00e9cise et uniforme des mixtions dans les gravures sur les pierres tombales et les s\u00e9pultures. [&#8230;]<\/p>\n<p><a class=\"btn btn-secondary understrap-read-more-link\" href=\"https:\/\/www.manetti.com\/fr\/produit\/pinceaux-canova\/\">Lire la suite&#8230;<\/a><\/p>\n","protected":false},"featured_media":86710,"template":"","meta":{"_acf_changed":false},"product_brand":[],"product_cat":[423,387,178],"product_tag":[],"product_area":[],"catalog_category":[789,813,917,925,1080],"class_list":{"0":"post-86774","1":"product","2":"type-product","3":"status-publish","4":"has-post-thumbnail","6":"product_cat-pinceaux","7":"product_cat-outils","8":"product_cat-accessoires-de-dorure","9":"catalog_category-dorure-sur-marbre-et-pierre","10":"catalog_category-outils","11":"catalog_category-dorure-sur-marbre-et-pierre-outils","12":"catalog_category-dorure-sur-marbre-et-pierre-pinceaux","13":"catalog_category-outils-pinceaux","15":"first","16":"instock","17":"shipping-taxable","18":"purchasable","19":"product-type-variable"},"acf":[],"yoast_head":"<!-- This site is optimized with the Yoast SEO plugin v26.5 - https:\/\/yoast.com\/wordpress\/plugins\/seo\/ -->\n<title>Pinceaux \u201ccanova\u201d | Giusto Manetti Battiloro<\/title>\n<meta name=\"description\" content=\"Pinceau en poils synth\u00e9tiques en \u201clangue de chat\u201d, avec virole en laiton nickel\u00e9. La forme de la pointe permet une application pr\u00e9cise et uniforme des\" \/>\n<meta name=\"robots\" content=\"index, follow, max-snippet:-1, max-image-preview:large, max-video-preview:-1\" \/>\n<link rel=\"canonical\" href=\"https:\/\/www.manetti.com\/fr\/produit\/pinceaux-canova\/\" \/>\n<meta property=\"og:locale\" content=\"fr_FR\" \/>\n<meta property=\"og:type\" content=\"article\" \/>\n<meta property=\"og:title\" content=\"Pinceaux \u201ccanova\u201d | Giusto Manetti Battiloro\" \/>\n<meta property=\"og:description\" content=\"Pinceau en poils synth\u00e9tiques en \u201clangue de chat\u201d, avec virole en laiton nickel\u00e9. La forme de la pointe permet une application pr\u00e9cise et uniforme des\" \/>\n<meta property=\"og:url\" content=\"https:\/\/www.manetti.com\/fr\/produit\/pinceaux-canova\/\" \/>\n<meta property=\"og:site_name\" content=\"Giusto Manetti Battiloro\" \/>\n<meta property=\"article:publisher\" content=\"https:\/\/www.facebook.com\/giustomanettibattiloro\" \/>\n<meta property=\"article:modified_time\" content=\"2026-02-05T09:57:13+00:00\" \/>\n<meta property=\"og:image\" content=\"https:\/\/www.manetti.com\/wp-content\/uploads\/2026\/01\/Canova-insieme_web.png\" \/>\n\t<meta property=\"og:image:width\" content=\"900\" \/>\n\t<meta property=\"og:image:height\" content=\"900\" \/>\n\t<meta property=\"og:image:type\" content=\"image\/png\" \/>\n<meta name=\"twitter:card\" content=\"summary_large_image\" \/>\n<script type=\"application\/ld+json\" class=\"yoast-schema-graph\">{\"@context\":\"https:\/\/schema.org\",\"@graph\":[{\"@type\":\"WebPage\",\"@id\":\"https:\/\/www.manetti.com\/fr\/produit\/pinceaux-canova\/\",\"url\":\"https:\/\/www.manetti.com\/fr\/produit\/pinceaux-canova\/\",\"name\":\"Pinceaux \u201ccanova\u201d | Giusto Manetti Battiloro\",\"isPartOf\":{\"@id\":\"https:\/\/www.manetti.com\/fr\/#website\"},\"primaryImageOfPage\":{\"@id\":\"https:\/\/www.manetti.com\/fr\/produit\/pinceaux-canova\/#primaryimage\"},\"image\":{\"@id\":\"https:\/\/www.manetti.com\/fr\/produit\/pinceaux-canova\/#primaryimage\"},\"thumbnailUrl\":\"https:\/\/www.manetti.com\/wp-content\/uploads\/2026\/01\/Canova-insieme_web.png\",\"datePublished\":\"2026-01-30T14:02:57+00:00\",\"dateModified\":\"2026-02-05T09:57:13+00:00\",\"description\":\"Pinceau en poils synth\u00e9tiques en \u201clangue de chat\u201d, avec virole en laiton nickel\u00e9. La forme de la pointe permet une application pr\u00e9cise et uniforme des\",\"inLanguage\":\"fr-FR\",\"potentialAction\":[{\"@type\":\"ReadAction\",\"target\":[\"https:\/\/www.manetti.com\/fr\/produit\/pinceaux-canova\/\"]}]},{\"@type\":\"ImageObject\",\"inLanguage\":\"fr-FR\",\"@id\":\"https:\/\/www.manetti.com\/fr\/produit\/pinceaux-canova\/#primaryimage\",\"url\":\"https:\/\/www.manetti.com\/wp-content\/uploads\/2026\/01\/Canova-insieme_web.png\",\"contentUrl\":\"https:\/\/www.manetti.com\/wp-content\/uploads\/2026\/01\/Canova-insieme_web.png\",\"width\":900,\"height\":900},{\"@type\":\"WebSite\",\"@id\":\"https:\/\/www.manetti.com\/fr\/#website\",\"url\":\"https:\/\/www.manetti.com\/fr\/\",\"name\":\"Giusto Manetti Battiloro\",\"description\":\"\",\"publisher\":{\"@id\":\"https:\/\/www.manetti.com\/fr\/#organization\"},\"potentialAction\":[{\"@type\":\"SearchAction\",\"target\":{\"@type\":\"EntryPoint\",\"urlTemplate\":\"https:\/\/www.manetti.com\/fr\/?s={search_term_string}\"},\"query-input\":{\"@type\":\"PropertyValueSpecification\",\"valueRequired\":true,\"valueName\":\"search_term_string\"}}],\"inLanguage\":\"fr-FR\"},{\"@type\":\"Organization\",\"@id\":\"https:\/\/www.manetti.com\/fr\/#organization\",\"name\":\"GIUSTO MANETTI BATTILORO S.P.A.\",\"url\":\"https:\/\/www.manetti.com\/fr\/\",\"logo\":{\"@type\":\"ImageObject\",\"inLanguage\":\"fr-FR\",\"@id\":\"https:\/\/www.manetti.com\/fr\/#\/schema\/logo\/image\/\",\"url\":\"https:\/\/www.manetti.com\/wp-content\/uploads\/2025\/02\/giusto-manetti-blu_300-02.png\",\"contentUrl\":\"https:\/\/www.manetti.com\/wp-content\/uploads\/2025\/02\/giusto-manetti-blu_300-02.png\",\"width\":1123,\"height\":1093,\"caption\":\"GIUSTO MANETTI BATTILORO S.P.A.\"},\"image\":{\"@id\":\"https:\/\/www.manetti.com\/fr\/#\/schema\/logo\/image\/\"},\"sameAs\":[\"https:\/\/www.facebook.com\/giustomanettibattiloro\",\"https:\/\/www.instagram.com\/giustomanettibattiloro\/\",\"https:\/\/www.linkedin.com\/company\/giusto-manetti-battiloro-s-p-a-\/\",\"https:\/\/www.youtube.com\/user\/ManettiBattiloro\"]}]}<\/script>\n<!-- \/ Yoast SEO plugin. -->","yoast_head_json":{"title":"Pinceaux \u201ccanova\u201d | Giusto Manetti Battiloro","description":"Pinceau en poils synth\u00e9tiques en \u201clangue de chat\u201d, avec virole en laiton nickel\u00e9. La forme de la pointe permet une application pr\u00e9cise et uniforme des","robots":{"index":"index","follow":"follow","max-snippet":"max-snippet:-1","max-image-preview":"max-image-preview:large","max-video-preview":"max-video-preview:-1"},"canonical":"https:\/\/www.manetti.com\/fr\/produit\/pinceaux-canova\/","og_locale":"fr_FR","og_type":"article","og_title":"Pinceaux \u201ccanova\u201d | Giusto Manetti Battiloro","og_description":"Pinceau en poils synth\u00e9tiques en \u201clangue de chat\u201d, avec virole en laiton nickel\u00e9. La forme de la pointe permet une application pr\u00e9cise et uniforme des","og_url":"https:\/\/www.manetti.com\/fr\/produit\/pinceaux-canova\/","og_site_name":"Giusto Manetti Battiloro","article_publisher":"https:\/\/www.facebook.com\/giustomanettibattiloro","article_modified_time":"2026-02-05T09:57:13+00:00","og_image":[{"width":900,"height":900,"url":"https:\/\/www.manetti.com\/wp-content\/uploads\/2026\/01\/Canova-insieme_web.png","type":"image\/png"}],"twitter_card":"summary_large_image","schema":{"@context":"https:\/\/schema.org","@graph":[{"@type":"WebPage","@id":"https:\/\/www.manetti.com\/fr\/produit\/pinceaux-canova\/","url":"https:\/\/www.manetti.com\/fr\/produit\/pinceaux-canova\/","name":"Pinceaux \u201ccanova\u201d | Giusto Manetti Battiloro","isPartOf":{"@id":"https:\/\/www.manetti.com\/fr\/#website"},"primaryImageOfPage":{"@id":"https:\/\/www.manetti.com\/fr\/produit\/pinceaux-canova\/#primaryimage"},"image":{"@id":"https:\/\/www.manetti.com\/fr\/produit\/pinceaux-canova\/#primaryimage"},"thumbnailUrl":"https:\/\/www.manetti.com\/wp-content\/uploads\/2026\/01\/Canova-insieme_web.png","datePublished":"2026-01-30T14:02:57+00:00","dateModified":"2026-02-05T09:57:13+00:00","description":"Pinceau en poils synth\u00e9tiques en \u201clangue de chat\u201d, avec virole en laiton nickel\u00e9. La forme de la pointe permet une application pr\u00e9cise et uniforme des","inLanguage":"fr-FR","potentialAction":[{"@type":"ReadAction","target":["https:\/\/www.manetti.com\/fr\/produit\/pinceaux-canova\/"]}]},{"@type":"ImageObject","inLanguage":"fr-FR","@id":"https:\/\/www.manetti.com\/fr\/produit\/pinceaux-canova\/#primaryimage","url":"https:\/\/www.manetti.com\/wp-content\/uploads\/2026\/01\/Canova-insieme_web.png","contentUrl":"https:\/\/www.manetti.com\/wp-content\/uploads\/2026\/01\/Canova-insieme_web.png","width":900,"height":900},{"@type":"WebSite","@id":"https:\/\/www.manetti.com\/fr\/#website","url":"https:\/\/www.manetti.com\/fr\/","name":"Giusto Manetti Battiloro","description":"","publisher":{"@id":"https:\/\/www.manetti.com\/fr\/#organization"},"potentialAction":[{"@type":"SearchAction","target":{"@type":"EntryPoint","urlTemplate":"https:\/\/www.manetti.com\/fr\/?s={search_term_string}"},"query-input":{"@type":"PropertyValueSpecification","valueRequired":true,"valueName":"search_term_string"}}],"inLanguage":"fr-FR"},{"@type":"Organization","@id":"https:\/\/www.manetti.com\/fr\/#organization","name":"GIUSTO MANETTI BATTILORO S.P.A.","url":"https:\/\/www.manetti.com\/fr\/","logo":{"@type":"ImageObject","inLanguage":"fr-FR","@id":"https:\/\/www.manetti.com\/fr\/#\/schema\/logo\/image\/","url":"https:\/\/www.manetti.com\/wp-content\/uploads\/2025\/02\/giusto-manetti-blu_300-02.png","contentUrl":"https:\/\/www.manetti.com\/wp-content\/uploads\/2025\/02\/giusto-manetti-blu_300-02.png","width":1123,"height":1093,"caption":"GIUSTO MANETTI BATTILORO S.P.A."},"image":{"@id":"https:\/\/www.manetti.com\/fr\/#\/schema\/logo\/image\/"},"sameAs":["https:\/\/www.facebook.com\/giustomanettibattiloro","https:\/\/www.instagram.com\/giustomanettibattiloro\/","https:\/\/www.linkedin.com\/company\/giusto-manetti-battiloro-s-p-a-\/","https:\/\/www.youtube.com\/user\/ManettiBattiloro"]}]}},"_links":{"self":[{"href":"https:\/\/www.manetti.com\/fr\/wp-json\/wp\/v2\/product\/86774","targetHints":{"allow":["GET"]}}],"collection":[{"href":"https:\/\/www.manetti.com\/fr\/wp-json\/wp\/v2\/product"}],"about":[{"href":"https:\/\/www.manetti.com\/fr\/wp-json\/wp\/v2\/types\/product"}],"wp:featuredmedia":[{"embeddable":true,"href":"https:\/\/www.manetti.com\/fr\/wp-json\/wp\/v2\/media\/86710"}],"wp:attachment":[{"href":"https:\/\/www.manetti.com\/fr\/wp-json\/wp\/v2\/media?parent=86774"}],"wp:term":[{"taxonomy":"product_brand","embeddable":true,"href":"https:\/\/www.manetti.com\/fr\/wp-json\/wp\/v2\/product_brand?post=86774"},{"taxonomy":"product_cat","embeddable":true,"href":"https:\/\/www.manetti.com\/fr\/wp-json\/wp\/v2\/product_cat?post=86774"},{"taxonomy":"product_tag","embeddable":true,"href":"https:\/\/www.manetti.com\/fr\/wp-json\/wp\/v2\/product_tag?post=86774"},{"taxonomy":"product_area","embeddable":true,"href":"https:\/\/www.manetti.com\/fr\/wp-json\/wp\/v2\/product_area?post=86774"},{"taxonomy":"catalog_category","embeddable":true,"href":"https:\/\/www.manetti.com\/fr\/wp-json\/wp\/v2\/catalog_category?post=86774"}],"curies":[{"name":"wp","href":"https:\/\/api.w.org\/{rel}","templated":true}]}}