{"id":87258,"date":"2026-02-10T11:27:55","date_gmt":"2026-02-10T10:27:55","guid":{"rendered":"https:\/\/www.manetti.com\/?post_type=product&#038;p=87258"},"modified":"2026-03-09T17:43:45","modified_gmt":"2026-03-09T16:43:45","slug":"feuille-dor-en-carnet-80x80-mm-14-grammes-or-rouge-23-ct-copia-3","status":"publish","type":"product","link":"https:\/\/www.manetti.com\/fr\/shop\/feuille-dor-en-carnet-80x80-mm-14-grammes-champagne-225-ct\/","title":{"rendered":"Feuille d\u2019or en carnet 80&#215;80 mm \u2013 14 grammes &#8211; Champagne 22,5 ct"},"content":{"rendered":"<p>Il s&#8217;agit d&#8217;une pochette contenant un seul livret de 5 ou 25 feuilles, au format libre ou en transfert. L&#8217;\u00e9paisseur est indiqu\u00e9e avec son poids relatif et est de 16 grammes pour 1000 feuilles.<\/p>\n<p>La <strong>feuille libre<\/strong> est toujours utilis\u00e9e pour la d\u00e9coration des <strong>surfaces sculpt\u00e9es<\/strong>. Elle est aussi parfois utilis\u00e9e dans la d\u00e9coration de surfaces lisses o\u00f9 le doreur pr\u00e9f\u00e8re son utilisation \u00e0 la feuille \u00e0 d\u00e9calque.<\/p>\n<p>La <strong>feuille \u00e0 d\u00e9calque<\/strong> diff\u00e8re de la feuille libre car elle est plac\u00e9e sur un papier de soie, en saillie et extractible du livret, afin de faciliter et d\u2019acc\u00e9l\u00e9rer sa prise et son application. Ce format est toujours appliqu\u00e9 avec la technique de la dorure de mixtion et est recommand\u00e9 exclusivement pour la d\u00e9coration de <strong>surfaces lisses<\/strong> ou pour la dorure \u00e0 r\u00e9aliser en ext\u00e9rieur.<\/p>\n","protected":false},"excerpt":{"rendered":"<p>Il s&#8217;agit d&#8217;une pochette contenant un seul livret de 5 ou 25 feuilles, au format libre ou en transfert. L&#8217;\u00e9paisseur est indiqu\u00e9e avec son poids relatif et est de 16 grammes pour 1000 feuilles. La feuille libre est toujours utilis\u00e9e pour la d\u00e9coration des surfaces sculpt\u00e9es. Elle est aussi parfois utilis\u00e9e dans la d\u00e9coration de [&#8230;]<\/p>\n<p><a class=\"btn btn-secondary understrap-read-more-link\" href=\"https:\/\/www.manetti.com\/fr\/shop\/feuille-dor-en-carnet-80x80-mm-14-grammes-champagne-225-ct\/\">Lire la suite&#8230;<\/a><\/p>\n","protected":false},"featured_media":87268,"template":"","meta":{"_acf_changed":false},"product_brand":[],"product_cat":[164],"product_tag":[165,1015],"product_area":[559,607],"catalog_category":[],"class_list":{"0":"post-87258","1":"product","2":"type-product","3":"status-publish","4":"has-post-thumbnail","6":"product_cat-feuille-dor-veritable","7":"product_tag-prodotti-speciali-fr","8":"product_tag-metal-precieux","9":"product_area-dorure-et-restauration","10":"product_area-dorure-et-restauration-feuille-dor-et-dargent","12":"first","13":"instock","14":"shipping-taxable","15":"purchasable","16":"product-type-variable"},"acf":[],"yoast_head":"<!-- This site is optimized with the Yoast SEO plugin v26.5 - https:\/\/yoast.com\/wordpress\/plugins\/seo\/ -->\n<title>Feuille d\u2019or en carnet 80x80 mm \u2013 14 grammes - Champagne 22,5 ct<\/title>\n<meta name=\"description\" content=\"La feuille d&#039;or en un seul livret est une nouveaut\u00e9 absolue pour la vente au d\u00e9tail et la distribution dans le monde de la dorure.\" \/>\n<meta name=\"robots\" content=\"index, follow, max-snippet:-1, max-image-preview:large, max-video-preview:-1\" \/>\n<link rel=\"canonical\" href=\"https:\/\/www.manetti.com\/fr\/shop\/feuille-dor-en-carnet-80x80-mm-14-grammes-champagne-225-ct\/\" \/>\n<meta property=\"og:locale\" content=\"fr_FR\" \/>\n<meta property=\"og:type\" content=\"article\" \/>\n<meta property=\"og:title\" content=\"Feuille d\u2019or en carnet 80x80 mm \u2013 14 grammes - Champagne 22,5 ct\" \/>\n<meta property=\"og:description\" content=\"La feuille d&#039;or en un seul livret est une nouveaut\u00e9 absolue pour la vente au d\u00e9tail et la distribution dans le monde de la dorure.\" \/>\n<meta property=\"og:url\" content=\"https:\/\/www.manetti.com\/fr\/shop\/feuille-dor-en-carnet-80x80-mm-14-grammes-champagne-225-ct\/\" \/>\n<meta property=\"og:site_name\" content=\"Giusto Manetti Battiloro\" \/>\n<meta property=\"article:publisher\" content=\"https:\/\/www.facebook.com\/giustomanettibattiloro\" \/>\n<meta property=\"article:modified_time\" content=\"2026-03-09T16:43:45+00:00\" \/>\n<meta property=\"og:image\" content=\"https:\/\/www.manetti.com\/wp-content\/uploads\/2026\/02\/Champagne-225kt_decalco_2026_web.png\" \/>\n\t<meta property=\"og:image:width\" content=\"900\" \/>\n\t<meta property=\"og:image:height\" content=\"900\" \/>\n\t<meta property=\"og:image:type\" content=\"image\/png\" \/>\n<meta name=\"twitter:card\" content=\"summary_large_image\" \/>\n<meta name=\"twitter:label1\" content=\"Dur\u00e9e de lecture estim\u00e9e\" \/>\n\t<meta name=\"twitter:data1\" content=\"1 minute\" \/>\n<script type=\"application\/ld+json\" class=\"yoast-schema-graph\">{\"@context\":\"https:\/\/schema.org\",\"@graph\":[{\"@type\":\"WebPage\",\"@id\":\"https:\/\/www.manetti.com\/fr\/shop\/feuille-dor-en-carnet-80x80-mm-14-grammes-champagne-225-ct\/\",\"url\":\"https:\/\/www.manetti.com\/fr\/shop\/feuille-dor-en-carnet-80x80-mm-14-grammes-champagne-225-ct\/\",\"name\":\"Feuille d\u2019or en carnet 80x80 mm \u2013 14 grammes - Champagne 22,5 ct\",\"isPartOf\":{\"@id\":\"https:\/\/www.manetti.com\/fr\/#website\"},\"primaryImageOfPage\":{\"@id\":\"https:\/\/www.manetti.com\/fr\/shop\/feuille-dor-en-carnet-80x80-mm-14-grammes-champagne-225-ct\/#primaryimage\"},\"image\":{\"@id\":\"https:\/\/www.manetti.com\/fr\/shop\/feuille-dor-en-carnet-80x80-mm-14-grammes-champagne-225-ct\/#primaryimage\"},\"thumbnailUrl\":\"https:\/\/www.manetti.com\/wp-content\/uploads\/2026\/02\/Champagne-225kt_decalco_2026_web.png\",\"datePublished\":\"2026-02-10T10:27:55+00:00\",\"dateModified\":\"2026-03-09T16:43:45+00:00\",\"description\":\"La feuille d'or en un seul livret est une nouveaut\u00e9 absolue pour la vente au d\u00e9tail et la distribution dans le monde de la dorure.\",\"inLanguage\":\"fr-FR\",\"potentialAction\":[{\"@type\":\"ReadAction\",\"target\":[\"https:\/\/www.manetti.com\/fr\/shop\/feuille-dor-en-carnet-80x80-mm-14-grammes-champagne-225-ct\/\"]}]},{\"@type\":\"ImageObject\",\"inLanguage\":\"fr-FR\",\"@id\":\"https:\/\/www.manetti.com\/fr\/shop\/feuille-dor-en-carnet-80x80-mm-14-grammes-champagne-225-ct\/#primaryimage\",\"url\":\"https:\/\/www.manetti.com\/wp-content\/uploads\/2026\/02\/Champagne-225kt_decalco_2026_web.png\",\"contentUrl\":\"https:\/\/www.manetti.com\/wp-content\/uploads\/2026\/02\/Champagne-225kt_decalco_2026_web.png\",\"width\":900,\"height\":900},{\"@type\":\"WebSite\",\"@id\":\"https:\/\/www.manetti.com\/fr\/#website\",\"url\":\"https:\/\/www.manetti.com\/fr\/\",\"name\":\"Giusto Manetti Battiloro\",\"description\":\"\",\"publisher\":{\"@id\":\"https:\/\/www.manetti.com\/fr\/#organization\"},\"potentialAction\":[{\"@type\":\"SearchAction\",\"target\":{\"@type\":\"EntryPoint\",\"urlTemplate\":\"https:\/\/www.manetti.com\/fr\/?s={search_term_string}\"},\"query-input\":{\"@type\":\"PropertyValueSpecification\",\"valueRequired\":true,\"valueName\":\"search_term_string\"}}],\"inLanguage\":\"fr-FR\"},{\"@type\":\"Organization\",\"@id\":\"https:\/\/www.manetti.com\/fr\/#organization\",\"name\":\"GIUSTO MANETTI BATTILORO S.P.A.\",\"url\":\"https:\/\/www.manetti.com\/fr\/\",\"logo\":{\"@type\":\"ImageObject\",\"inLanguage\":\"fr-FR\",\"@id\":\"https:\/\/www.manetti.com\/fr\/#\/schema\/logo\/image\/\",\"url\":\"https:\/\/www.manetti.com\/wp-content\/uploads\/2025\/02\/giusto-manetti-blu_300-02.png\",\"contentUrl\":\"https:\/\/www.manetti.com\/wp-content\/uploads\/2025\/02\/giusto-manetti-blu_300-02.png\",\"width\":1123,\"height\":1093,\"caption\":\"GIUSTO MANETTI BATTILORO S.P.A.\"},\"image\":{\"@id\":\"https:\/\/www.manetti.com\/fr\/#\/schema\/logo\/image\/\"},\"sameAs\":[\"https:\/\/www.facebook.com\/giustomanettibattiloro\",\"https:\/\/www.instagram.com\/giustomanettibattiloro\/\",\"https:\/\/www.linkedin.com\/company\/giusto-manetti-battiloro-s-p-a-\/\",\"https:\/\/www.youtube.com\/user\/ManettiBattiloro\"]}]}<\/script>\n<!-- \/ Yoast SEO plugin. -->","yoast_head_json":{"title":"Feuille d\u2019or en carnet 80x80 mm \u2013 14 grammes - Champagne 22,5 ct","description":"La feuille d'or en un seul livret est une nouveaut\u00e9 absolue pour la vente au d\u00e9tail et la distribution dans le monde de la dorure.","robots":{"index":"index","follow":"follow","max-snippet":"max-snippet:-1","max-image-preview":"max-image-preview:large","max-video-preview":"max-video-preview:-1"},"canonical":"https:\/\/www.manetti.com\/fr\/shop\/feuille-dor-en-carnet-80x80-mm-14-grammes-champagne-225-ct\/","og_locale":"fr_FR","og_type":"article","og_title":"Feuille d\u2019or en carnet 80x80 mm \u2013 14 grammes - Champagne 22,5 ct","og_description":"La feuille d'or en un seul livret est une nouveaut\u00e9 absolue pour la vente au d\u00e9tail et la distribution dans le monde de la dorure.","og_url":"https:\/\/www.manetti.com\/fr\/shop\/feuille-dor-en-carnet-80x80-mm-14-grammes-champagne-225-ct\/","og_site_name":"Giusto Manetti Battiloro","article_publisher":"https:\/\/www.facebook.com\/giustomanettibattiloro","article_modified_time":"2026-03-09T16:43:45+00:00","og_image":[{"width":900,"height":900,"url":"https:\/\/www.manetti.com\/wp-content\/uploads\/2026\/02\/Champagne-225kt_decalco_2026_web.png","type":"image\/png"}],"twitter_card":"summary_large_image","twitter_misc":{"Dur\u00e9e de lecture estim\u00e9e":"1 minute"},"schema":{"@context":"https:\/\/schema.org","@graph":[{"@type":"WebPage","@id":"https:\/\/www.manetti.com\/fr\/shop\/feuille-dor-en-carnet-80x80-mm-14-grammes-champagne-225-ct\/","url":"https:\/\/www.manetti.com\/fr\/shop\/feuille-dor-en-carnet-80x80-mm-14-grammes-champagne-225-ct\/","name":"Feuille d\u2019or en carnet 80x80 mm \u2013 14 grammes - Champagne 22,5 ct","isPartOf":{"@id":"https:\/\/www.manetti.com\/fr\/#website"},"primaryImageOfPage":{"@id":"https:\/\/www.manetti.com\/fr\/shop\/feuille-dor-en-carnet-80x80-mm-14-grammes-champagne-225-ct\/#primaryimage"},"image":{"@id":"https:\/\/www.manetti.com\/fr\/shop\/feuille-dor-en-carnet-80x80-mm-14-grammes-champagne-225-ct\/#primaryimage"},"thumbnailUrl":"https:\/\/www.manetti.com\/wp-content\/uploads\/2026\/02\/Champagne-225kt_decalco_2026_web.png","datePublished":"2026-02-10T10:27:55+00:00","dateModified":"2026-03-09T16:43:45+00:00","description":"La feuille d'or en un seul livret est une nouveaut\u00e9 absolue pour la vente au d\u00e9tail et la distribution dans le monde de la dorure.","inLanguage":"fr-FR","potentialAction":[{"@type":"ReadAction","target":["https:\/\/www.manetti.com\/fr\/shop\/feuille-dor-en-carnet-80x80-mm-14-grammes-champagne-225-ct\/"]}]},{"@type":"ImageObject","inLanguage":"fr-FR","@id":"https:\/\/www.manetti.com\/fr\/shop\/feuille-dor-en-carnet-80x80-mm-14-grammes-champagne-225-ct\/#primaryimage","url":"https:\/\/www.manetti.com\/wp-content\/uploads\/2026\/02\/Champagne-225kt_decalco_2026_web.png","contentUrl":"https:\/\/www.manetti.com\/wp-content\/uploads\/2026\/02\/Champagne-225kt_decalco_2026_web.png","width":900,"height":900},{"@type":"WebSite","@id":"https:\/\/www.manetti.com\/fr\/#website","url":"https:\/\/www.manetti.com\/fr\/","name":"Giusto Manetti Battiloro","description":"","publisher":{"@id":"https:\/\/www.manetti.com\/fr\/#organization"},"potentialAction":[{"@type":"SearchAction","target":{"@type":"EntryPoint","urlTemplate":"https:\/\/www.manetti.com\/fr\/?s={search_term_string}"},"query-input":{"@type":"PropertyValueSpecification","valueRequired":true,"valueName":"search_term_string"}}],"inLanguage":"fr-FR"},{"@type":"Organization","@id":"https:\/\/www.manetti.com\/fr\/#organization","name":"GIUSTO MANETTI BATTILORO S.P.A.","url":"https:\/\/www.manetti.com\/fr\/","logo":{"@type":"ImageObject","inLanguage":"fr-FR","@id":"https:\/\/www.manetti.com\/fr\/#\/schema\/logo\/image\/","url":"https:\/\/www.manetti.com\/wp-content\/uploads\/2025\/02\/giusto-manetti-blu_300-02.png","contentUrl":"https:\/\/www.manetti.com\/wp-content\/uploads\/2025\/02\/giusto-manetti-blu_300-02.png","width":1123,"height":1093,"caption":"GIUSTO MANETTI BATTILORO S.P.A."},"image":{"@id":"https:\/\/www.manetti.com\/fr\/#\/schema\/logo\/image\/"},"sameAs":["https:\/\/www.facebook.com\/giustomanettibattiloro","https:\/\/www.instagram.com\/giustomanettibattiloro\/","https:\/\/www.linkedin.com\/company\/giusto-manetti-battiloro-s-p-a-\/","https:\/\/www.youtube.com\/user\/ManettiBattiloro"]}]}},"_links":{"self":[{"href":"https:\/\/www.manetti.com\/fr\/wp-json\/wp\/v2\/product\/87258","targetHints":{"allow":["GET"]}}],"collection":[{"href":"https:\/\/www.manetti.com\/fr\/wp-json\/wp\/v2\/product"}],"about":[{"href":"https:\/\/www.manetti.com\/fr\/wp-json\/wp\/v2\/types\/product"}],"wp:featuredmedia":[{"embeddable":true,"href":"https:\/\/www.manetti.com\/fr\/wp-json\/wp\/v2\/media\/87268"}],"wp:attachment":[{"href":"https:\/\/www.manetti.com\/fr\/wp-json\/wp\/v2\/media?parent=87258"}],"wp:term":[{"taxonomy":"product_brand","embeddable":true,"href":"https:\/\/www.manetti.com\/fr\/wp-json\/wp\/v2\/product_brand?post=87258"},{"taxonomy":"product_cat","embeddable":true,"href":"https:\/\/www.manetti.com\/fr\/wp-json\/wp\/v2\/product_cat?post=87258"},{"taxonomy":"product_tag","embeddable":true,"href":"https:\/\/www.manetti.com\/fr\/wp-json\/wp\/v2\/product_tag?post=87258"},{"taxonomy":"product_area","embeddable":true,"href":"https:\/\/www.manetti.com\/fr\/wp-json\/wp\/v2\/product_area?post=87258"},{"taxonomy":"catalog_category","embeddable":true,"href":"https:\/\/www.manetti.com\/fr\/wp-json\/wp\/v2\/catalog_category?post=87258"}],"curies":[{"name":"wp","href":"https:\/\/api.w.org\/{rel}","templated":true}]}}