{"id":87407,"date":"2026-02-10T15:50:05","date_gmt":"2026-02-10T14:50:05","guid":{"rendered":"https:\/\/www.manetti.com\/?post_type=product&#038;p=87407"},"modified":"2026-02-13T16:37:03","modified_gmt":"2026-02-13T15:37:03","slug":"feuille-dimitation-en-rouleau-copia","status":"publish","type":"product","link":"https:\/\/www.manetti.com\/fr\/shop\/feuille-dimitation-en-rouleau-15-cm-x-50-mt\/","title":{"rendered":"Feuille d\u2019imitation en rouleau &#8211; 15 cm x 50 mt"},"content":{"rendered":"<p>Les feuilles sont appliqu\u00e9es en continu sur du papier de soie, en obtenant ainsi des <strong>rouleaux de 15 cm de large, pour une longueur standard de 50 m\u00e8tres<\/strong>. La feuille imitation or en rouleau est <strong>id\u00e9ale pour \u00eatre appliqu\u00e9e sur de grandes surfaces planes selon la technique de la mixtion<\/strong>. Selon les exigences propres aux projets de dorure, il est possible de couper le rouleau dans le sens de la longueur \u00e0 l&#8217;aide de simples ciseaux, en prenant soin d&#8217;effectuer la d\u00e9coupe au niveau de la jonction entre deux feuilles. <strong>Nous pouvons fournir le rouleau de longueur standard 50 m\u00e8tres d\u00e9j\u00e0 coup\u00e9 dans sa largeur aux dimensions souhait\u00e9es, \u00e0 partir de 10 millim\u00e8tres minimum<\/strong>.<\/p>\n<div class=\"show_more\"><p class=\"wpsm-show\" style=\"color: #c39f5f; font-size: 100%; text-align: left;\"> Voir plus<\/p><div class=\"wpsm-content\"><\/p>\n<h2>Rouleau en feuille imitation or et argent, avantages et techniques d&#8217;application<\/h2>\n<p>Au-del\u00e0 du co\u00fbt bien moindre d&#8217;un m\u00e9tal non pr\u00e9cieux, <strong>le principal avantage de la feuille imitation or et argent en rouleau se traduit par un gain de temps cons\u00e9quent en phase de dorure<\/strong>. Gr\u00e2ce aux dimensions du rouleau et \u00e0 sa facilit\u00e9 d&#8217;utilisation, il est possible de dorer de larges surfaces rapidement et en <strong>utilisant moins de feuilles<\/strong> qu&#8217;avec un carnet, par exemple.<\/p>\n<p><strong>La technique la plus adapt\u00e9e pour appliquer la feuille imitation or et argent en rouleau est celle dite \u00e0 la mixtion<\/strong>, qui consiste \u00e0 \u00e9taler un liant \u00e0 base d\u2019eau ou d&#8217;alcool, selon la nature de la surface \u00e0 traiter. <strong>La dorure r\u00e9alis\u00e9e \u00e0 l&#8217;aide d&#8217;un liant \u00e0 l&#8217;eau est recommand\u00e9e pour les mati\u00e8res\/mat\u00e9riaux comme le papier, le bois et le pl\u00e2tre, tandis que l\u2019alcool assure une meilleure prise sur des supports lisses et compacts comme le m\u00e9tal, le plastique et le verre<\/strong>. <strong>Les feuilles imitation or et cuivre ont tendance \u00e0 s&#8217;oxyder, il est donc recommand\u00e9 de les utiliser en int\u00e9rieur et de les recouvrir d&#8217;un vernis de finition<\/strong>, \u00e0 base de solvant acrylique ou nitro, pour prot\u00e9ger la dorure. <strong>Nos experts Manetti se tiennent \u00e0 votre disposition pour toute information ult\u00e9rieure<\/strong> sur les techniques d&#8217;application et <strong>sur les prix des produits pour, si vous le souhaitez, vous proposer un devis adapt\u00e9 \u00e0 vos exigences<\/strong>.<br \/>\n <p class=\"wpsm-hide\" style=\"color: #c39f5f; font-size: 100%; text-align: left;\"> Voir moins<\/p><\/div><\/div>\n","protected":false},"excerpt":{"rendered":"<p>La feuille d\u2019imitation en rouleaux permet \u00e9galement une dorure rapide et pr\u00e9cise de grandes surfaces planes.<br \/>\n [&#8230;]<\/p>\n<p><a class=\"btn btn-secondary understrap-read-more-link\" href=\"https:\/\/www.manetti.com\/fr\/shop\/feuille-dimitation-en-rouleau-15-cm-x-50-mt\/\">Lire la suite&#8230;<\/a><\/p>\n","protected":false},"featured_media":72900,"template":"","meta":{"_acf_changed":false},"product_brand":[],"product_cat":[176],"product_tag":[],"product_area":[559,663],"catalog_category":[],"class_list":{"0":"post-87407","1":"product","2":"type-product","3":"status-publish","4":"has-post-thumbnail","6":"product_cat-feuille-imitation","7":"product_area-dorure-et-restauration","8":"product_area-dorure-et-restauration-feuille-de-imitation","10":"first","11":"instock","12":"shipping-taxable","13":"purchasable","14":"product-type-variable"},"acf":[],"yoast_head":"<!-- This site is optimized with the Yoast SEO plugin v26.5 - https:\/\/yoast.com\/wordpress\/plugins\/seo\/ -->\n<title>Feuille d\u2019imitation en rouleau - 15 cm x 50 mt<\/title>\n<meta name=\"description\" content=\"Les feuilles d&#039;imitation en rouleau sont appliqu\u00e9es en continu sur du papier de soie, pour diff\u00e9rentes hauteurs, 50m de longueur et une dorure rapide et pr\u00e9cise.\" \/>\n<meta name=\"robots\" content=\"index, follow, max-snippet:-1, max-image-preview:large, max-video-preview:-1\" \/>\n<link rel=\"canonical\" href=\"https:\/\/www.manetti.com\/fr\/shop\/feuille-dimitation-en-rouleau-15-cm-x-50-mt\/\" \/>\n<meta property=\"og:locale\" content=\"fr_FR\" \/>\n<meta property=\"og:type\" content=\"article\" \/>\n<meta property=\"og:title\" content=\"Feuille d\u2019imitation en rouleau - 15 cm x 50 mt\" \/>\n<meta property=\"og:description\" content=\"Les feuilles d&#039;imitation en rouleau sont appliqu\u00e9es en continu sur du papier de soie, pour diff\u00e9rentes hauteurs, 50m de longueur et une dorure rapide et pr\u00e9cise.\" \/>\n<meta property=\"og:url\" content=\"https:\/\/www.manetti.com\/fr\/shop\/feuille-dimitation-en-rouleau-15-cm-x-50-mt\/\" \/>\n<meta property=\"og:site_name\" content=\"Giusto Manetti Battiloro\" \/>\n<meta property=\"article:publisher\" content=\"https:\/\/www.facebook.com\/giustomanettibattiloro\" \/>\n<meta property=\"article:modified_time\" content=\"2026-02-13T15:37:03+00:00\" \/>\n<meta property=\"og:image\" content=\"https:\/\/www.manetti.com\/wp-content\/uploads\/2023\/09\/Rotolo-Imitazione-Oro-web_giusto-manetti-battiloro.png\" \/>\n\t<meta property=\"og:image:width\" content=\"900\" \/>\n\t<meta property=\"og:image:height\" content=\"900\" \/>\n\t<meta property=\"og:image:type\" content=\"image\/png\" \/>\n<meta name=\"twitter:card\" content=\"summary_large_image\" \/>\n<meta name=\"twitter:label1\" content=\"Dur\u00e9e de lecture estim\u00e9e\" \/>\n\t<meta name=\"twitter:data1\" content=\"2 minutes\" \/>\n<script type=\"application\/ld+json\" class=\"yoast-schema-graph\">{\"@context\":\"https:\/\/schema.org\",\"@graph\":[{\"@type\":\"WebPage\",\"@id\":\"https:\/\/www.manetti.com\/fr\/shop\/feuille-dimitation-en-rouleau-15-cm-x-50-mt\/\",\"url\":\"https:\/\/www.manetti.com\/fr\/shop\/feuille-dimitation-en-rouleau-15-cm-x-50-mt\/\",\"name\":\"Feuille d\u2019imitation en rouleau - 15 cm x 50 mt\",\"isPartOf\":{\"@id\":\"https:\/\/www.manetti.com\/fr\/#website\"},\"primaryImageOfPage\":{\"@id\":\"https:\/\/www.manetti.com\/fr\/shop\/feuille-dimitation-en-rouleau-15-cm-x-50-mt\/#primaryimage\"},\"image\":{\"@id\":\"https:\/\/www.manetti.com\/fr\/shop\/feuille-dimitation-en-rouleau-15-cm-x-50-mt\/#primaryimage\"},\"thumbnailUrl\":\"https:\/\/www.manetti.com\/wp-content\/uploads\/2023\/09\/Rotolo-Imitazione-Oro-web_giusto-manetti-battiloro.png\",\"datePublished\":\"2026-02-10T14:50:05+00:00\",\"dateModified\":\"2026-02-13T15:37:03+00:00\",\"description\":\"Les feuilles d'imitation en rouleau sont appliqu\u00e9es en continu sur du papier de soie, pour diff\u00e9rentes hauteurs, 50m de longueur et une dorure rapide et pr\u00e9cise.\",\"inLanguage\":\"fr-FR\",\"potentialAction\":[{\"@type\":\"ReadAction\",\"target\":[\"https:\/\/www.manetti.com\/fr\/shop\/feuille-dimitation-en-rouleau-15-cm-x-50-mt\/\"]}]},{\"@type\":\"ImageObject\",\"inLanguage\":\"fr-FR\",\"@id\":\"https:\/\/www.manetti.com\/fr\/shop\/feuille-dimitation-en-rouleau-15-cm-x-50-mt\/#primaryimage\",\"url\":\"https:\/\/www.manetti.com\/wp-content\/uploads\/2023\/09\/Rotolo-Imitazione-Oro-web_giusto-manetti-battiloro.png\",\"contentUrl\":\"https:\/\/www.manetti.com\/wp-content\/uploads\/2023\/09\/Rotolo-Imitazione-Oro-web_giusto-manetti-battiloro.png\",\"width\":900,\"height\":900},{\"@type\":\"WebSite\",\"@id\":\"https:\/\/www.manetti.com\/fr\/#website\",\"url\":\"https:\/\/www.manetti.com\/fr\/\",\"name\":\"Giusto Manetti Battiloro\",\"description\":\"\",\"publisher\":{\"@id\":\"https:\/\/www.manetti.com\/fr\/#organization\"},\"potentialAction\":[{\"@type\":\"SearchAction\",\"target\":{\"@type\":\"EntryPoint\",\"urlTemplate\":\"https:\/\/www.manetti.com\/fr\/?s={search_term_string}\"},\"query-input\":{\"@type\":\"PropertyValueSpecification\",\"valueRequired\":true,\"valueName\":\"search_term_string\"}}],\"inLanguage\":\"fr-FR\"},{\"@type\":\"Organization\",\"@id\":\"https:\/\/www.manetti.com\/fr\/#organization\",\"name\":\"GIUSTO MANETTI BATTILORO S.P.A.\",\"url\":\"https:\/\/www.manetti.com\/fr\/\",\"logo\":{\"@type\":\"ImageObject\",\"inLanguage\":\"fr-FR\",\"@id\":\"https:\/\/www.manetti.com\/fr\/#\/schema\/logo\/image\/\",\"url\":\"https:\/\/www.manetti.com\/wp-content\/uploads\/2025\/02\/giusto-manetti-blu_300-02.png\",\"contentUrl\":\"https:\/\/www.manetti.com\/wp-content\/uploads\/2025\/02\/giusto-manetti-blu_300-02.png\",\"width\":1123,\"height\":1093,\"caption\":\"GIUSTO MANETTI BATTILORO S.P.A.\"},\"image\":{\"@id\":\"https:\/\/www.manetti.com\/fr\/#\/schema\/logo\/image\/\"},\"sameAs\":[\"https:\/\/www.facebook.com\/giustomanettibattiloro\",\"https:\/\/www.instagram.com\/giustomanettibattiloro\/\",\"https:\/\/www.linkedin.com\/company\/giusto-manetti-battiloro-s-p-a-\/\",\"https:\/\/www.youtube.com\/user\/ManettiBattiloro\"]}]}<\/script>\n<!-- \/ Yoast SEO plugin. -->","yoast_head_json":{"title":"Feuille d\u2019imitation en rouleau - 15 cm x 50 mt","description":"Les feuilles d'imitation en rouleau sont appliqu\u00e9es en continu sur du papier de soie, pour diff\u00e9rentes hauteurs, 50m de longueur et une dorure rapide et pr\u00e9cise.","robots":{"index":"index","follow":"follow","max-snippet":"max-snippet:-1","max-image-preview":"max-image-preview:large","max-video-preview":"max-video-preview:-1"},"canonical":"https:\/\/www.manetti.com\/fr\/shop\/feuille-dimitation-en-rouleau-15-cm-x-50-mt\/","og_locale":"fr_FR","og_type":"article","og_title":"Feuille d\u2019imitation en rouleau - 15 cm x 50 mt","og_description":"Les feuilles d'imitation en rouleau sont appliqu\u00e9es en continu sur du papier de soie, pour diff\u00e9rentes hauteurs, 50m de longueur et une dorure rapide et pr\u00e9cise.","og_url":"https:\/\/www.manetti.com\/fr\/shop\/feuille-dimitation-en-rouleau-15-cm-x-50-mt\/","og_site_name":"Giusto Manetti Battiloro","article_publisher":"https:\/\/www.facebook.com\/giustomanettibattiloro","article_modified_time":"2026-02-13T15:37:03+00:00","og_image":[{"width":900,"height":900,"url":"https:\/\/www.manetti.com\/wp-content\/uploads\/2023\/09\/Rotolo-Imitazione-Oro-web_giusto-manetti-battiloro.png","type":"image\/png"}],"twitter_card":"summary_large_image","twitter_misc":{"Dur\u00e9e de lecture estim\u00e9e":"2 minutes"},"schema":{"@context":"https:\/\/schema.org","@graph":[{"@type":"WebPage","@id":"https:\/\/www.manetti.com\/fr\/shop\/feuille-dimitation-en-rouleau-15-cm-x-50-mt\/","url":"https:\/\/www.manetti.com\/fr\/shop\/feuille-dimitation-en-rouleau-15-cm-x-50-mt\/","name":"Feuille d\u2019imitation en rouleau - 15 cm x 50 mt","isPartOf":{"@id":"https:\/\/www.manetti.com\/fr\/#website"},"primaryImageOfPage":{"@id":"https:\/\/www.manetti.com\/fr\/shop\/feuille-dimitation-en-rouleau-15-cm-x-50-mt\/#primaryimage"},"image":{"@id":"https:\/\/www.manetti.com\/fr\/shop\/feuille-dimitation-en-rouleau-15-cm-x-50-mt\/#primaryimage"},"thumbnailUrl":"https:\/\/www.manetti.com\/wp-content\/uploads\/2023\/09\/Rotolo-Imitazione-Oro-web_giusto-manetti-battiloro.png","datePublished":"2026-02-10T14:50:05+00:00","dateModified":"2026-02-13T15:37:03+00:00","description":"Les feuilles d'imitation en rouleau sont appliqu\u00e9es en continu sur du papier de soie, pour diff\u00e9rentes hauteurs, 50m de longueur et une dorure rapide et pr\u00e9cise.","inLanguage":"fr-FR","potentialAction":[{"@type":"ReadAction","target":["https:\/\/www.manetti.com\/fr\/shop\/feuille-dimitation-en-rouleau-15-cm-x-50-mt\/"]}]},{"@type":"ImageObject","inLanguage":"fr-FR","@id":"https:\/\/www.manetti.com\/fr\/shop\/feuille-dimitation-en-rouleau-15-cm-x-50-mt\/#primaryimage","url":"https:\/\/www.manetti.com\/wp-content\/uploads\/2023\/09\/Rotolo-Imitazione-Oro-web_giusto-manetti-battiloro.png","contentUrl":"https:\/\/www.manetti.com\/wp-content\/uploads\/2023\/09\/Rotolo-Imitazione-Oro-web_giusto-manetti-battiloro.png","width":900,"height":900},{"@type":"WebSite","@id":"https:\/\/www.manetti.com\/fr\/#website","url":"https:\/\/www.manetti.com\/fr\/","name":"Giusto Manetti Battiloro","description":"","publisher":{"@id":"https:\/\/www.manetti.com\/fr\/#organization"},"potentialAction":[{"@type":"SearchAction","target":{"@type":"EntryPoint","urlTemplate":"https:\/\/www.manetti.com\/fr\/?s={search_term_string}"},"query-input":{"@type":"PropertyValueSpecification","valueRequired":true,"valueName":"search_term_string"}}],"inLanguage":"fr-FR"},{"@type":"Organization","@id":"https:\/\/www.manetti.com\/fr\/#organization","name":"GIUSTO MANETTI BATTILORO S.P.A.","url":"https:\/\/www.manetti.com\/fr\/","logo":{"@type":"ImageObject","inLanguage":"fr-FR","@id":"https:\/\/www.manetti.com\/fr\/#\/schema\/logo\/image\/","url":"https:\/\/www.manetti.com\/wp-content\/uploads\/2025\/02\/giusto-manetti-blu_300-02.png","contentUrl":"https:\/\/www.manetti.com\/wp-content\/uploads\/2025\/02\/giusto-manetti-blu_300-02.png","width":1123,"height":1093,"caption":"GIUSTO MANETTI BATTILORO S.P.A."},"image":{"@id":"https:\/\/www.manetti.com\/fr\/#\/schema\/logo\/image\/"},"sameAs":["https:\/\/www.facebook.com\/giustomanettibattiloro","https:\/\/www.instagram.com\/giustomanettibattiloro\/","https:\/\/www.linkedin.com\/company\/giusto-manetti-battiloro-s-p-a-\/","https:\/\/www.youtube.com\/user\/ManettiBattiloro"]}]}},"_links":{"self":[{"href":"https:\/\/www.manetti.com\/fr\/wp-json\/wp\/v2\/product\/87407","targetHints":{"allow":["GET"]}}],"collection":[{"href":"https:\/\/www.manetti.com\/fr\/wp-json\/wp\/v2\/product"}],"about":[{"href":"https:\/\/www.manetti.com\/fr\/wp-json\/wp\/v2\/types\/product"}],"wp:featuredmedia":[{"embeddable":true,"href":"https:\/\/www.manetti.com\/fr\/wp-json\/wp\/v2\/media\/72900"}],"wp:attachment":[{"href":"https:\/\/www.manetti.com\/fr\/wp-json\/wp\/v2\/media?parent=87407"}],"wp:term":[{"taxonomy":"product_brand","embeddable":true,"href":"https:\/\/www.manetti.com\/fr\/wp-json\/wp\/v2\/product_brand?post=87407"},{"taxonomy":"product_cat","embeddable":true,"href":"https:\/\/www.manetti.com\/fr\/wp-json\/wp\/v2\/product_cat?post=87407"},{"taxonomy":"product_tag","embeddable":true,"href":"https:\/\/www.manetti.com\/fr\/wp-json\/wp\/v2\/product_tag?post=87407"},{"taxonomy":"product_area","embeddable":true,"href":"https:\/\/www.manetti.com\/fr\/wp-json\/wp\/v2\/product_area?post=87407"},{"taxonomy":"catalog_category","embeddable":true,"href":"https:\/\/www.manetti.com\/fr\/wp-json\/wp\/v2\/catalog_category?post=87407"}],"curies":[{"name":"wp","href":"https:\/\/api.w.org\/{rel}","templated":true}]}}