{"id":87746,"date":"2026-02-11T15:53:11","date_gmt":"2026-02-11T14:53:11","guid":{"rendered":"https:\/\/www.manetti.com\/?post_type=product&#038;p=87746"},"modified":"2026-02-25T11:34:34","modified_gmt":"2026-02-25T10:34:34","slug":"feuille-dor-pour-verre-86x86-mm-16-grammes-or-jaune-22-ct-copia","status":"publish","type":"product","link":"https:\/\/www.manetti.com\/fr\/shop\/feuille-dor-pour-verre-86x86-mm-16-grammes-or-moon-22-ct\/","title":{"rendered":"Feuille d\u2019or pour verre 86&#215;86 mm \u2013 16 grammes \u2013 Or Moon 22 ct"},"content":{"rendered":"<p>La dorure sur verre combine la tradition de l\u2019artisanat ancien avec les formes expressives de l\u2019art contemporain. Il s\u2019agit d\u2019une m\u00e9thode sophistiqu\u00e9e permettant d\u2019ajouter une touche d\u2019\u00e9l\u00e9gance et de raffinement \u00e0 divers objets et surfaces en verre, des \u00e9l\u00e9ments de d\u00e9coration int\u00e9rieure aux vitraux artistiques et \u00e0 la lettrage traditionnel. L\u2019application de la feuille d\u2019or sur le verre, g\u00e9n\u00e9ralement en reverse, peut \u00eatre r\u00e9alis\u00e9e selon diff\u00e9rentes techniques. L\u2019une d\u2019elles implique l\u2019utilisation de <a href=\"https:\/\/www.manetti.com\/fr\/produit\/feuilles-de-gelatine\/\"><strong data-start=\"649\" data-end=\"661\">gelatine<\/strong><\/a> appliqu\u00e9e avec des pinceaux sp\u00e9ciaux. Alternativement, on peut utiliser la m\u00e9thode de dorure \u00ab \u00e0 l\u2019huile \u00bb, en employant le produit sp\u00e9cifique pour le verre <a href=\"https:\/\/www.manetti.com\/fr\/shop\/smooth-glacure-pour-surfaces-lisses\/\"><strong>Smooth<\/strong><\/a>. Pour obtenir une dorure optimale et sans d\u00e9fauts, il est n\u00e9cessaire d\u2019utiliser une feuille d\u2019or sp\u00e9cifique, soigneusement s\u00e9lectionn\u00e9e afin d\u2019assurer une parfaite uniformit\u00e9 de surface et l\u2019absence d\u2019imperfections typiques des feuilles d\u2019or.<\/p>\n","protected":false},"excerpt":{"rendered":"<p>Le feuilles \u201cverre\u201d est souvent utilis\u00e9 pour l&#8217;application de l&#8217;\u00e9glomis\u00e9, une technique sp\u00e9ciale de verre d\u00e9coratif qui permet d&#8217;obtenir une finition miroir sur laquelle des gravures ou des d\u00e9corations sont ensuite r\u00e9alis\u00e9es. [&#8230;]<\/p>\n<p><a class=\"btn btn-secondary understrap-read-more-link\" href=\"https:\/\/www.manetti.com\/fr\/shop\/feuille-dor-pour-verre-86x86-mm-16-grammes-or-moon-22-ct\/\">Lire la suite&#8230;<\/a><\/p>\n","protected":false},"featured_media":87810,"template":"","meta":{"_acf_changed":false},"product_brand":[],"product_cat":[164],"product_tag":[165,1015],"product_area":[567,599],"catalog_category":[],"class_list":{"0":"post-87746","1":"product","2":"type-product","3":"status-publish","4":"has-post-thumbnail","6":"product_cat-feuille-dor-veritable","7":"product_tag-prodotti-speciali-fr","8":"product_tag-metal-precieux","9":"product_area-lettrage","10":"product_area-lettrage-feuille-dor","12":"first","13":"instock","14":"shipping-taxable","15":"purchasable","16":"product-type-variable"},"acf":[],"yoast_head":"<!-- This site is optimized with the Yoast SEO plugin v26.5 - https:\/\/yoast.com\/wordpress\/plugins\/seo\/ -->\n<title>Feuille d\u2019or pour verre 86x86 mm \u2013 16 grammes \u2013 Or Moon 22 ct | Giusto Manetti Battiloro<\/title>\n<meta name=\"description\" content=\"Le feuilles \u201cverre\u201d est souvent utilis\u00e9 pour l&#039;application de l&#039;\u00e9glomis\u00e9, sur laquelle des gravures ou des d\u00e9corations sont ensuite r\u00e9alis\u00e9es.\" \/>\n<meta name=\"robots\" content=\"noindex, nofollow\" \/>\n<meta property=\"og:locale\" content=\"fr_FR\" \/>\n<meta property=\"og:type\" content=\"article\" \/>\n<meta property=\"og:title\" content=\"Feuille d\u2019or pour verre 86x86 mm \u2013 16 grammes \u2013 Or Moon 22 ct | Giusto Manetti Battiloro\" \/>\n<meta property=\"og:description\" content=\"Le feuilles \u201cverre\u201d est souvent utilis\u00e9 pour l&#039;application de l&#039;\u00e9glomis\u00e9, sur laquelle des gravures ou des d\u00e9corations sont ensuite r\u00e9alis\u00e9es.\" \/>\n<meta property=\"og:url\" content=\"https:\/\/www.manetti.com\/fr\/shop\/feuille-dor-pour-verre-86x86-mm-16-grammes-or-moon-22-ct\/\" \/>\n<meta property=\"og:site_name\" content=\"Giusto Manetti Battiloro\" \/>\n<meta property=\"article:publisher\" content=\"https:\/\/www.facebook.com\/giustomanettibattiloro\" \/>\n<meta property=\"article:modified_time\" content=\"2026-02-25T10:34:34+00:00\" \/>\n<meta property=\"og:image\" content=\"https:\/\/www.manetti.com\/wp-content\/uploads\/2026\/02\/22kt-moon-glass_libera_2026_web.png\" \/>\n\t<meta property=\"og:image:width\" content=\"900\" \/>\n\t<meta property=\"og:image:height\" content=\"900\" \/>\n\t<meta property=\"og:image:type\" content=\"image\/png\" \/>\n<meta name=\"twitter:card\" content=\"summary_large_image\" \/>\n<meta name=\"twitter:label1\" content=\"Dur\u00e9e de lecture estim\u00e9e\" \/>\n\t<meta name=\"twitter:data1\" content=\"1 minute\" \/>\n<script type=\"application\/ld+json\" class=\"yoast-schema-graph\">{\"@context\":\"https:\/\/schema.org\",\"@graph\":[{\"@type\":\"WebPage\",\"@id\":\"https:\/\/www.manetti.com\/fr\/shop\/feuille-dor-pour-verre-86x86-mm-16-grammes-or-moon-22-ct\/\",\"url\":\"https:\/\/www.manetti.com\/fr\/shop\/feuille-dor-pour-verre-86x86-mm-16-grammes-or-moon-22-ct\/\",\"name\":\"Feuille d\u2019or pour verre 86x86 mm \u2013 16 grammes \u2013 Or Moon 22 ct | Giusto Manetti Battiloro\",\"isPartOf\":{\"@id\":\"https:\/\/www.manetti.com\/fr\/#website\"},\"primaryImageOfPage\":{\"@id\":\"https:\/\/www.manetti.com\/fr\/shop\/feuille-dor-pour-verre-86x86-mm-16-grammes-or-moon-22-ct\/#primaryimage\"},\"image\":{\"@id\":\"https:\/\/www.manetti.com\/fr\/shop\/feuille-dor-pour-verre-86x86-mm-16-grammes-or-moon-22-ct\/#primaryimage\"},\"thumbnailUrl\":\"https:\/\/www.manetti.com\/wp-content\/uploads\/2026\/02\/22kt-moon-glass_libera_2026_web.png\",\"datePublished\":\"2026-02-11T14:53:11+00:00\",\"dateModified\":\"2026-02-25T10:34:34+00:00\",\"description\":\"Le feuilles \u201cverre\u201d est souvent utilis\u00e9 pour l'application de l'\u00e9glomis\u00e9, sur laquelle des gravures ou des d\u00e9corations sont ensuite r\u00e9alis\u00e9es.\",\"inLanguage\":\"fr-FR\",\"potentialAction\":[{\"@type\":\"ReadAction\",\"target\":[\"https:\/\/www.manetti.com\/fr\/shop\/feuille-dor-pour-verre-86x86-mm-16-grammes-or-moon-22-ct\/\"]}]},{\"@type\":\"ImageObject\",\"inLanguage\":\"fr-FR\",\"@id\":\"https:\/\/www.manetti.com\/fr\/shop\/feuille-dor-pour-verre-86x86-mm-16-grammes-or-moon-22-ct\/#primaryimage\",\"url\":\"https:\/\/www.manetti.com\/wp-content\/uploads\/2026\/02\/22kt-moon-glass_libera_2026_web.png\",\"contentUrl\":\"https:\/\/www.manetti.com\/wp-content\/uploads\/2026\/02\/22kt-moon-glass_libera_2026_web.png\",\"width\":900,\"height\":900},{\"@type\":\"WebSite\",\"@id\":\"https:\/\/www.manetti.com\/fr\/#website\",\"url\":\"https:\/\/www.manetti.com\/fr\/\",\"name\":\"Giusto Manetti Battiloro\",\"description\":\"\",\"publisher\":{\"@id\":\"https:\/\/www.manetti.com\/fr\/#organization\"},\"potentialAction\":[{\"@type\":\"SearchAction\",\"target\":{\"@type\":\"EntryPoint\",\"urlTemplate\":\"https:\/\/www.manetti.com\/fr\/?s={search_term_string}\"},\"query-input\":{\"@type\":\"PropertyValueSpecification\",\"valueRequired\":true,\"valueName\":\"search_term_string\"}}],\"inLanguage\":\"fr-FR\"},{\"@type\":\"Organization\",\"@id\":\"https:\/\/www.manetti.com\/fr\/#organization\",\"name\":\"GIUSTO MANETTI BATTILORO S.P.A.\",\"url\":\"https:\/\/www.manetti.com\/fr\/\",\"logo\":{\"@type\":\"ImageObject\",\"inLanguage\":\"fr-FR\",\"@id\":\"https:\/\/www.manetti.com\/fr\/#\/schema\/logo\/image\/\",\"url\":\"https:\/\/www.manetti.com\/wp-content\/uploads\/2025\/02\/giusto-manetti-blu_300-02.png\",\"contentUrl\":\"https:\/\/www.manetti.com\/wp-content\/uploads\/2025\/02\/giusto-manetti-blu_300-02.png\",\"width\":1123,\"height\":1093,\"caption\":\"GIUSTO MANETTI BATTILORO S.P.A.\"},\"image\":{\"@id\":\"https:\/\/www.manetti.com\/fr\/#\/schema\/logo\/image\/\"},\"sameAs\":[\"https:\/\/www.facebook.com\/giustomanettibattiloro\",\"https:\/\/www.instagram.com\/giustomanettibattiloro\/\",\"https:\/\/www.linkedin.com\/company\/giusto-manetti-battiloro-s-p-a-\/\",\"https:\/\/www.youtube.com\/user\/ManettiBattiloro\"]}]}<\/script>\n<!-- \/ Yoast SEO plugin. -->","yoast_head_json":{"title":"Feuille d\u2019or pour verre 86x86 mm \u2013 16 grammes \u2013 Or Moon 22 ct | Giusto Manetti Battiloro","description":"Le feuilles \u201cverre\u201d est souvent utilis\u00e9 pour l'application de l'\u00e9glomis\u00e9, sur laquelle des gravures ou des d\u00e9corations sont ensuite r\u00e9alis\u00e9es.","robots":{"index":"noindex","follow":"nofollow"},"og_locale":"fr_FR","og_type":"article","og_title":"Feuille d\u2019or pour verre 86x86 mm \u2013 16 grammes \u2013 Or Moon 22 ct | Giusto Manetti Battiloro","og_description":"Le feuilles \u201cverre\u201d est souvent utilis\u00e9 pour l'application de l'\u00e9glomis\u00e9, sur laquelle des gravures ou des d\u00e9corations sont ensuite r\u00e9alis\u00e9es.","og_url":"https:\/\/www.manetti.com\/fr\/shop\/feuille-dor-pour-verre-86x86-mm-16-grammes-or-moon-22-ct\/","og_site_name":"Giusto Manetti Battiloro","article_publisher":"https:\/\/www.facebook.com\/giustomanettibattiloro","article_modified_time":"2026-02-25T10:34:34+00:00","og_image":[{"width":900,"height":900,"url":"https:\/\/www.manetti.com\/wp-content\/uploads\/2026\/02\/22kt-moon-glass_libera_2026_web.png","type":"image\/png"}],"twitter_card":"summary_large_image","twitter_misc":{"Dur\u00e9e de lecture estim\u00e9e":"1 minute"},"schema":{"@context":"https:\/\/schema.org","@graph":[{"@type":"WebPage","@id":"https:\/\/www.manetti.com\/fr\/shop\/feuille-dor-pour-verre-86x86-mm-16-grammes-or-moon-22-ct\/","url":"https:\/\/www.manetti.com\/fr\/shop\/feuille-dor-pour-verre-86x86-mm-16-grammes-or-moon-22-ct\/","name":"Feuille d\u2019or pour verre 86x86 mm \u2013 16 grammes \u2013 Or Moon 22 ct | Giusto Manetti Battiloro","isPartOf":{"@id":"https:\/\/www.manetti.com\/fr\/#website"},"primaryImageOfPage":{"@id":"https:\/\/www.manetti.com\/fr\/shop\/feuille-dor-pour-verre-86x86-mm-16-grammes-or-moon-22-ct\/#primaryimage"},"image":{"@id":"https:\/\/www.manetti.com\/fr\/shop\/feuille-dor-pour-verre-86x86-mm-16-grammes-or-moon-22-ct\/#primaryimage"},"thumbnailUrl":"https:\/\/www.manetti.com\/wp-content\/uploads\/2026\/02\/22kt-moon-glass_libera_2026_web.png","datePublished":"2026-02-11T14:53:11+00:00","dateModified":"2026-02-25T10:34:34+00:00","description":"Le feuilles \u201cverre\u201d est souvent utilis\u00e9 pour l'application de l'\u00e9glomis\u00e9, sur laquelle des gravures ou des d\u00e9corations sont ensuite r\u00e9alis\u00e9es.","inLanguage":"fr-FR","potentialAction":[{"@type":"ReadAction","target":["https:\/\/www.manetti.com\/fr\/shop\/feuille-dor-pour-verre-86x86-mm-16-grammes-or-moon-22-ct\/"]}]},{"@type":"ImageObject","inLanguage":"fr-FR","@id":"https:\/\/www.manetti.com\/fr\/shop\/feuille-dor-pour-verre-86x86-mm-16-grammes-or-moon-22-ct\/#primaryimage","url":"https:\/\/www.manetti.com\/wp-content\/uploads\/2026\/02\/22kt-moon-glass_libera_2026_web.png","contentUrl":"https:\/\/www.manetti.com\/wp-content\/uploads\/2026\/02\/22kt-moon-glass_libera_2026_web.png","width":900,"height":900},{"@type":"WebSite","@id":"https:\/\/www.manetti.com\/fr\/#website","url":"https:\/\/www.manetti.com\/fr\/","name":"Giusto Manetti Battiloro","description":"","publisher":{"@id":"https:\/\/www.manetti.com\/fr\/#organization"},"potentialAction":[{"@type":"SearchAction","target":{"@type":"EntryPoint","urlTemplate":"https:\/\/www.manetti.com\/fr\/?s={search_term_string}"},"query-input":{"@type":"PropertyValueSpecification","valueRequired":true,"valueName":"search_term_string"}}],"inLanguage":"fr-FR"},{"@type":"Organization","@id":"https:\/\/www.manetti.com\/fr\/#organization","name":"GIUSTO MANETTI BATTILORO S.P.A.","url":"https:\/\/www.manetti.com\/fr\/","logo":{"@type":"ImageObject","inLanguage":"fr-FR","@id":"https:\/\/www.manetti.com\/fr\/#\/schema\/logo\/image\/","url":"https:\/\/www.manetti.com\/wp-content\/uploads\/2025\/02\/giusto-manetti-blu_300-02.png","contentUrl":"https:\/\/www.manetti.com\/wp-content\/uploads\/2025\/02\/giusto-manetti-blu_300-02.png","width":1123,"height":1093,"caption":"GIUSTO MANETTI BATTILORO S.P.A."},"image":{"@id":"https:\/\/www.manetti.com\/fr\/#\/schema\/logo\/image\/"},"sameAs":["https:\/\/www.facebook.com\/giustomanettibattiloro","https:\/\/www.instagram.com\/giustomanettibattiloro\/","https:\/\/www.linkedin.com\/company\/giusto-manetti-battiloro-s-p-a-\/","https:\/\/www.youtube.com\/user\/ManettiBattiloro"]}]}},"_links":{"self":[{"href":"https:\/\/www.manetti.com\/fr\/wp-json\/wp\/v2\/product\/87746","targetHints":{"allow":["GET"]}}],"collection":[{"href":"https:\/\/www.manetti.com\/fr\/wp-json\/wp\/v2\/product"}],"about":[{"href":"https:\/\/www.manetti.com\/fr\/wp-json\/wp\/v2\/types\/product"}],"wp:featuredmedia":[{"embeddable":true,"href":"https:\/\/www.manetti.com\/fr\/wp-json\/wp\/v2\/media\/87810"}],"wp:attachment":[{"href":"https:\/\/www.manetti.com\/fr\/wp-json\/wp\/v2\/media?parent=87746"}],"wp:term":[{"taxonomy":"product_brand","embeddable":true,"href":"https:\/\/www.manetti.com\/fr\/wp-json\/wp\/v2\/product_brand?post=87746"},{"taxonomy":"product_cat","embeddable":true,"href":"https:\/\/www.manetti.com\/fr\/wp-json\/wp\/v2\/product_cat?post=87746"},{"taxonomy":"product_tag","embeddable":true,"href":"https:\/\/www.manetti.com\/fr\/wp-json\/wp\/v2\/product_tag?post=87746"},{"taxonomy":"product_area","embeddable":true,"href":"https:\/\/www.manetti.com\/fr\/wp-json\/wp\/v2\/product_area?post=87746"},{"taxonomy":"catalog_category","embeddable":true,"href":"https:\/\/www.manetti.com\/fr\/wp-json\/wp\/v2\/catalog_category?post=87746"}],"curies":[{"name":"wp","href":"https:\/\/api.w.org\/{rel}","templated":true}]}}