{"id":88619,"date":"2020-01-30T10:57:40","date_gmt":"2020-01-30T09:57:40","guid":{"rendered":"https:\/\/www.manetti.com\/?post_type=product&#038;p=88619"},"modified":"2026-04-09T14:33:53","modified_gmt":"2026-04-09T12:33:53","slug":"feuille-dor-pour-marbre","status":"publish","type":"product","link":"https:\/\/www.manetti.com\/fr\/produit\/feuille-dor-pour-marbre\/","title":{"rendered":"Feuille d\u2019or pour marbre"},"content":{"rendered":"<p>La dorure sur marbre est une technique raffin\u00e9e et durable, id\u00e9ale pour mettre en valeur les surfaces sculpt\u00e9es telles que les gravures, ainsi que les d\u00e9tails d\u00e9coratifs. Dans les contextes comm\u00e9moratifs, tels que les monuments et les pierres tombales, l\u2019application de la feuille d&#8217;or met en valeur les inscriptions et les ornements, pour donner de la lumi\u00e8re, du relief et une \u00e9l\u00e9gance \u00e9ternelle. Pour assurer la r\u00e9sistance de la dorure dans le temps, il est conseill\u00e9 d&#8217;utiliser des \u00e9paisseurs de feuilles sup\u00e9rieures \u00e0 la normale, qui assurent un meilleur rendu et une plus longue durabilit\u00e9. L\u2019application de la feuille sur le marbre n\u00e9cessite toujours l\u2019utilisation d&#8217;une mixtion sp\u00e9cifique qui favorise son adh\u00e9sion et garantit sa tenue.<\/p>\n<p>La feuille d\u2019or pour marbre est disponible en quatre carats et en diff\u00e9rentes \u00e9paisseurs. L\u2019utilisation d\u2019une feuille plus \u00e9paisse conf\u00e8re une plus grande brillance \u00e0 la dorure et garantit en m\u00eame temps une meilleure tenue dans le temps. L\u2019\u00e9paisseur est toujours exprim\u00e9e en grammes pour 1 000 feuilles. La feuille est conditionn\u00e9e en livrets de 25, puis en paquets de 10 (250 feuilles), 12 (300 feuilles) ou 20 livrets (500 feuilles). Compte tenu du type d\u2019application, le format en feuilles libres est le plus utilis\u00e9. Toutefois, pour certaines r\u00e9alisations ou parfois pour une utilisation en ext\u00e9rieur, il est possible d\u2019utiliser le format \u00e0 transfert. Dans ce cas, la feuille est pos\u00e9e sur un papier de soie (transfert), ce qui facilite la prise en main et acc\u00e9l\u00e8re l\u2019application, tout en r\u00e9duisant le risque de perte ou de dispersion du produit dans des environnements ouverts et venteux.<\/p>\n","protected":false},"excerpt":{"rendered":"<p>La feuille d\u2019or pour marbre est disponible en quatre carats et en diff\u00e9rentes \u00e9paisseurs. L\u2019utilisation d\u2019une feuille plus \u00e9paisse conf\u00e8re une plus grande brillance \u00e0 la dorure et garantit en m\u00eame temps une meilleure tenue dans le temps. Chaque livret contient 25 feuilles. [&#8230;]<\/p>\n<p><a class=\"btn btn-secondary understrap-read-more-link\" href=\"https:\/\/www.manetti.com\/fr\/produit\/feuille-dor-pour-marbre\/\">Lire la suite&#8230;<\/a><\/p>\n","protected":false},"featured_media":88597,"template":"","meta":{"_acf_changed":false},"product_brand":[],"product_cat":[164],"product_tag":[181],"product_area":[],"catalog_category":[789,933],"class_list":{"0":"post-88619","1":"product","2":"type-product","3":"status-publish","4":"has-post-thumbnail","6":"product_cat-feuille-dor-veritable","7":"product_tag-foglia-in-libretto-fr","8":"catalog_category-dorure-sur-marbre-et-pierre","9":"catalog_category-dorure-sur-marbre-et-pierre-feuille-dor","11":"first","12":"instock","13":"shipping-taxable","14":"purchasable","15":"product-type-variable"},"acf":[],"yoast_head":"<!-- This site is optimized with the Yoast SEO plugin v26.5 - https:\/\/yoast.com\/wordpress\/plugins\/seo\/ -->\n<title>Feuille d\u2019or pour marbre | Giusto Manetti Battiloro<\/title>\n<meta name=\"description\" content=\"La feuille d\u2019or pour marbre est disponible en quatre carats et en diff\u00e9rentes \u00e9paisseurs. L\u2019utilisation d\u2019une feuille plus \u00e9paisse conf\u00e8re une plus grande brillance \u00e0 la dorure et garantit en m\u00eame temps une meilleure tenue dans le temps. Chaque livret contient 25 feuilles.\" \/>\n<meta name=\"robots\" content=\"index, follow, max-snippet:-1, max-image-preview:large, max-video-preview:-1\" \/>\n<link rel=\"canonical\" href=\"https:\/\/www.manetti.com\/fr\/produit\/feuille-dor-pour-marbre\/\" \/>\n<meta property=\"og:locale\" content=\"fr_FR\" \/>\n<meta property=\"og:type\" content=\"article\" \/>\n<meta property=\"og:title\" content=\"Feuille d\u2019or pour marbre | Giusto Manetti Battiloro\" \/>\n<meta property=\"og:description\" content=\"La feuille d\u2019or pour marbre est disponible en quatre carats et en diff\u00e9rentes \u00e9paisseurs. L\u2019utilisation d\u2019une feuille plus \u00e9paisse conf\u00e8re une plus grande brillance \u00e0 la dorure et garantit en m\u00eame temps une meilleure tenue dans le temps. Chaque livret contient 25 feuilles.\" \/>\n<meta property=\"og:url\" content=\"https:\/\/www.manetti.com\/fr\/produit\/feuille-dor-pour-marbre\/\" \/>\n<meta property=\"og:site_name\" content=\"Giusto Manetti Battiloro\" \/>\n<meta property=\"article:publisher\" content=\"https:\/\/www.facebook.com\/giustomanettibattiloro\" \/>\n<meta property=\"article:modified_time\" content=\"2026-04-09T12:33:53+00:00\" \/>\n<meta property=\"og:image\" content=\"https:\/\/www.manetti.com\/wp-content\/uploads\/2019\/11\/3.FogliaOroManetti_CatalogoHomepage1920.jpg\" \/>\n<meta name=\"twitter:card\" content=\"summary_large_image\" \/>\n<meta name=\"twitter:title\" content=\"Feuille d\u2019or pour marbre | Giusto Manetti Battiloro\" \/>\n<meta name=\"twitter:description\" content=\"La feuille d\u2019or pour marbre est disponible en quatre carats et en diff\u00e9rentes \u00e9paisseurs. L\u2019utilisation d\u2019une feuille plus \u00e9paisse conf\u00e8re une plus grande brillance \u00e0 la dorure et garantit en m\u00eame temps une meilleure tenue dans le temps. Chaque livret contient 25 feuilles.\" \/>\n<meta name=\"twitter:image\" content=\"https:\/\/www.manetti.com\/wp-content\/uploads\/2019\/11\/3.FogliaOroManetti_CatalogoHomepage1920.jpg\" \/>\n<meta name=\"twitter:label1\" content=\"Dur\u00e9e de lecture estim\u00e9e\" \/>\n\t<meta name=\"twitter:data1\" content=\"1 minute\" \/>\n<script type=\"application\/ld+json\" class=\"yoast-schema-graph\">{\"@context\":\"https:\/\/schema.org\",\"@graph\":[{\"@type\":\"WebPage\",\"@id\":\"https:\/\/www.manetti.com\/fr\/produit\/feuille-dor-pour-marbre\/\",\"url\":\"https:\/\/www.manetti.com\/fr\/produit\/feuille-dor-pour-marbre\/\",\"name\":\"Feuille d\u2019or pour marbre | Giusto Manetti Battiloro\",\"isPartOf\":{\"@id\":\"https:\/\/www.manetti.com\/fr\/#website\"},\"primaryImageOfPage\":{\"@id\":\"https:\/\/www.manetti.com\/fr\/produit\/feuille-dor-pour-marbre\/#primaryimage\"},\"image\":{\"@id\":\"https:\/\/www.manetti.com\/fr\/produit\/feuille-dor-pour-marbre\/#primaryimage\"},\"thumbnailUrl\":\"https:\/\/www.manetti.com\/wp-content\/uploads\/2026\/03\/2375KT-ORO_MARBLE-LEAF_web.png\",\"datePublished\":\"2020-01-30T09:57:40+00:00\",\"dateModified\":\"2026-04-09T12:33:53+00:00\",\"description\":\"La feuille d\u2019or pour marbre est disponible en quatre carats et en diff\u00e9rentes \u00e9paisseurs. L\u2019utilisation d\u2019une feuille plus \u00e9paisse conf\u00e8re une plus grande brillance \u00e0 la dorure et garantit en m\u00eame temps une meilleure tenue dans le temps. Chaque livret contient 25 feuilles.\",\"inLanguage\":\"fr-FR\",\"potentialAction\":[{\"@type\":\"ReadAction\",\"target\":[\"https:\/\/www.manetti.com\/fr\/produit\/feuille-dor-pour-marbre\/\"]}]},{\"@type\":\"ImageObject\",\"inLanguage\":\"fr-FR\",\"@id\":\"https:\/\/www.manetti.com\/fr\/produit\/feuille-dor-pour-marbre\/#primaryimage\",\"url\":\"https:\/\/www.manetti.com\/wp-content\/uploads\/2026\/03\/2375KT-ORO_MARBLE-LEAF_web.png\",\"contentUrl\":\"https:\/\/www.manetti.com\/wp-content\/uploads\/2026\/03\/2375KT-ORO_MARBLE-LEAF_web.png\",\"width\":900,\"height\":900},{\"@type\":\"WebSite\",\"@id\":\"https:\/\/www.manetti.com\/fr\/#website\",\"url\":\"https:\/\/www.manetti.com\/fr\/\",\"name\":\"Giusto Manetti Battiloro\",\"description\":\"\",\"publisher\":{\"@id\":\"https:\/\/www.manetti.com\/fr\/#organization\"},\"potentialAction\":[{\"@type\":\"SearchAction\",\"target\":{\"@type\":\"EntryPoint\",\"urlTemplate\":\"https:\/\/www.manetti.com\/fr\/?s={search_term_string}\"},\"query-input\":{\"@type\":\"PropertyValueSpecification\",\"valueRequired\":true,\"valueName\":\"search_term_string\"}}],\"inLanguage\":\"fr-FR\"},{\"@type\":\"Organization\",\"@id\":\"https:\/\/www.manetti.com\/fr\/#organization\",\"name\":\"GIUSTO MANETTI BATTILORO S.P.A.\",\"url\":\"https:\/\/www.manetti.com\/fr\/\",\"logo\":{\"@type\":\"ImageObject\",\"inLanguage\":\"fr-FR\",\"@id\":\"https:\/\/www.manetti.com\/fr\/#\/schema\/logo\/image\/\",\"url\":\"https:\/\/www.manetti.com\/wp-content\/uploads\/2025\/02\/giusto-manetti-blu_300-02.png\",\"contentUrl\":\"https:\/\/www.manetti.com\/wp-content\/uploads\/2025\/02\/giusto-manetti-blu_300-02.png\",\"width\":1123,\"height\":1093,\"caption\":\"GIUSTO MANETTI BATTILORO S.P.A.\"},\"image\":{\"@id\":\"https:\/\/www.manetti.com\/fr\/#\/schema\/logo\/image\/\"},\"sameAs\":[\"https:\/\/www.facebook.com\/giustomanettibattiloro\",\"https:\/\/www.instagram.com\/giustomanettibattiloro\/\",\"https:\/\/www.linkedin.com\/company\/giusto-manetti-battiloro-s-p-a-\/\",\"https:\/\/www.youtube.com\/user\/ManettiBattiloro\"]}]}<\/script>\n<!-- \/ Yoast SEO plugin. -->","yoast_head_json":{"title":"Feuille d\u2019or pour marbre | Giusto Manetti Battiloro","description":"La feuille d\u2019or pour marbre est disponible en quatre carats et en diff\u00e9rentes \u00e9paisseurs. L\u2019utilisation d\u2019une feuille plus \u00e9paisse conf\u00e8re une plus grande brillance \u00e0 la dorure et garantit en m\u00eame temps une meilleure tenue dans le temps. Chaque livret contient 25 feuilles.","robots":{"index":"index","follow":"follow","max-snippet":"max-snippet:-1","max-image-preview":"max-image-preview:large","max-video-preview":"max-video-preview:-1"},"canonical":"https:\/\/www.manetti.com\/fr\/produit\/feuille-dor-pour-marbre\/","og_locale":"fr_FR","og_type":"article","og_title":"Feuille d\u2019or pour marbre | Giusto Manetti Battiloro","og_description":"La feuille d\u2019or pour marbre est disponible en quatre carats et en diff\u00e9rentes \u00e9paisseurs. L\u2019utilisation d\u2019une feuille plus \u00e9paisse conf\u00e8re une plus grande brillance \u00e0 la dorure et garantit en m\u00eame temps une meilleure tenue dans le temps. Chaque livret contient 25 feuilles.","og_url":"https:\/\/www.manetti.com\/fr\/produit\/feuille-dor-pour-marbre\/","og_site_name":"Giusto Manetti Battiloro","article_publisher":"https:\/\/www.facebook.com\/giustomanettibattiloro","article_modified_time":"2026-04-09T12:33:53+00:00","og_image":[{"url":"https:\/\/www.manetti.com\/wp-content\/uploads\/2019\/11\/3.FogliaOroManetti_CatalogoHomepage1920.jpg","type":"","width":"","height":""}],"twitter_card":"summary_large_image","twitter_title":"Feuille d\u2019or pour marbre | Giusto Manetti Battiloro","twitter_description":"La feuille d\u2019or pour marbre est disponible en quatre carats et en diff\u00e9rentes \u00e9paisseurs. L\u2019utilisation d\u2019une feuille plus \u00e9paisse conf\u00e8re une plus grande brillance \u00e0 la dorure et garantit en m\u00eame temps une meilleure tenue dans le temps. Chaque livret contient 25 feuilles.","twitter_image":"https:\/\/www.manetti.com\/wp-content\/uploads\/2019\/11\/3.FogliaOroManetti_CatalogoHomepage1920.jpg","twitter_misc":{"Dur\u00e9e de lecture estim\u00e9e":"1 minute"},"schema":{"@context":"https:\/\/schema.org","@graph":[{"@type":"WebPage","@id":"https:\/\/www.manetti.com\/fr\/produit\/feuille-dor-pour-marbre\/","url":"https:\/\/www.manetti.com\/fr\/produit\/feuille-dor-pour-marbre\/","name":"Feuille d\u2019or pour marbre | Giusto Manetti Battiloro","isPartOf":{"@id":"https:\/\/www.manetti.com\/fr\/#website"},"primaryImageOfPage":{"@id":"https:\/\/www.manetti.com\/fr\/produit\/feuille-dor-pour-marbre\/#primaryimage"},"image":{"@id":"https:\/\/www.manetti.com\/fr\/produit\/feuille-dor-pour-marbre\/#primaryimage"},"thumbnailUrl":"https:\/\/www.manetti.com\/wp-content\/uploads\/2026\/03\/2375KT-ORO_MARBLE-LEAF_web.png","datePublished":"2020-01-30T09:57:40+00:00","dateModified":"2026-04-09T12:33:53+00:00","description":"La feuille d\u2019or pour marbre est disponible en quatre carats et en diff\u00e9rentes \u00e9paisseurs. L\u2019utilisation d\u2019une feuille plus \u00e9paisse conf\u00e8re une plus grande brillance \u00e0 la dorure et garantit en m\u00eame temps une meilleure tenue dans le temps. Chaque livret contient 25 feuilles.","inLanguage":"fr-FR","potentialAction":[{"@type":"ReadAction","target":["https:\/\/www.manetti.com\/fr\/produit\/feuille-dor-pour-marbre\/"]}]},{"@type":"ImageObject","inLanguage":"fr-FR","@id":"https:\/\/www.manetti.com\/fr\/produit\/feuille-dor-pour-marbre\/#primaryimage","url":"https:\/\/www.manetti.com\/wp-content\/uploads\/2026\/03\/2375KT-ORO_MARBLE-LEAF_web.png","contentUrl":"https:\/\/www.manetti.com\/wp-content\/uploads\/2026\/03\/2375KT-ORO_MARBLE-LEAF_web.png","width":900,"height":900},{"@type":"WebSite","@id":"https:\/\/www.manetti.com\/fr\/#website","url":"https:\/\/www.manetti.com\/fr\/","name":"Giusto Manetti Battiloro","description":"","publisher":{"@id":"https:\/\/www.manetti.com\/fr\/#organization"},"potentialAction":[{"@type":"SearchAction","target":{"@type":"EntryPoint","urlTemplate":"https:\/\/www.manetti.com\/fr\/?s={search_term_string}"},"query-input":{"@type":"PropertyValueSpecification","valueRequired":true,"valueName":"search_term_string"}}],"inLanguage":"fr-FR"},{"@type":"Organization","@id":"https:\/\/www.manetti.com\/fr\/#organization","name":"GIUSTO MANETTI BATTILORO S.P.A.","url":"https:\/\/www.manetti.com\/fr\/","logo":{"@type":"ImageObject","inLanguage":"fr-FR","@id":"https:\/\/www.manetti.com\/fr\/#\/schema\/logo\/image\/","url":"https:\/\/www.manetti.com\/wp-content\/uploads\/2025\/02\/giusto-manetti-blu_300-02.png","contentUrl":"https:\/\/www.manetti.com\/wp-content\/uploads\/2025\/02\/giusto-manetti-blu_300-02.png","width":1123,"height":1093,"caption":"GIUSTO MANETTI BATTILORO S.P.A."},"image":{"@id":"https:\/\/www.manetti.com\/fr\/#\/schema\/logo\/image\/"},"sameAs":["https:\/\/www.facebook.com\/giustomanettibattiloro","https:\/\/www.instagram.com\/giustomanettibattiloro\/","https:\/\/www.linkedin.com\/company\/giusto-manetti-battiloro-s-p-a-\/","https:\/\/www.youtube.com\/user\/ManettiBattiloro"]}]}},"_links":{"self":[{"href":"https:\/\/www.manetti.com\/fr\/wp-json\/wp\/v2\/product\/88619","targetHints":{"allow":["GET"]}}],"collection":[{"href":"https:\/\/www.manetti.com\/fr\/wp-json\/wp\/v2\/product"}],"about":[{"href":"https:\/\/www.manetti.com\/fr\/wp-json\/wp\/v2\/types\/product"}],"wp:featuredmedia":[{"embeddable":true,"href":"https:\/\/www.manetti.com\/fr\/wp-json\/wp\/v2\/media\/88597"}],"wp:attachment":[{"href":"https:\/\/www.manetti.com\/fr\/wp-json\/wp\/v2\/media?parent=88619"}],"wp:term":[{"taxonomy":"product_brand","embeddable":true,"href":"https:\/\/www.manetti.com\/fr\/wp-json\/wp\/v2\/product_brand?post=88619"},{"taxonomy":"product_cat","embeddable":true,"href":"https:\/\/www.manetti.com\/fr\/wp-json\/wp\/v2\/product_cat?post=88619"},{"taxonomy":"product_tag","embeddable":true,"href":"https:\/\/www.manetti.com\/fr\/wp-json\/wp\/v2\/product_tag?post=88619"},{"taxonomy":"product_area","embeddable":true,"href":"https:\/\/www.manetti.com\/fr\/wp-json\/wp\/v2\/product_area?post=88619"},{"taxonomy":"catalog_category","embeddable":true,"href":"https:\/\/www.manetti.com\/fr\/wp-json\/wp\/v2\/catalog_category?post=88619"}],"curies":[{"name":"wp","href":"https:\/\/api.w.org\/{rel}","templated":true}]}}