{"id":88710,"date":"2020-01-30T14:24:34","date_gmt":"2020-01-30T13:24:34","guid":{"rendered":"https:\/\/www.manetti.com\/?post_type=product&#038;p=88710"},"modified":"2026-04-09T14:35:18","modified_gmt":"2026-04-09T12:35:18","slug":"feuille-dor-pour-exterieur","status":"publish","type":"product","link":"https:\/\/www.manetti.com\/fr\/produit\/feuille-dor-pour-exterieur\/","title":{"rendered":"Feuille d\u2019or pour ext\u00e9rieur"},"content":{"rendered":"<p>Elle est disponible dans sept nuances de m\u00e9tal pr\u00e9cieux, s\u00e9lectionn\u00e9es pour leur r\u00e9sistance \u00e0 l&#8217;oxydation et leur capacit\u00e9 \u00e0 conserver leur brillance dans le temps. La s\u00e9lection de produits \u00e0 usage externe comprend \u00e9galement des mixtions et des protections, tous des produits sp\u00e9cifiques qui pr\u00e9servent la dorure dans le temps et la prot\u00e8ge contre les agents atmosph\u00e9riques.<br \/>\nL\u2019utilisation d\u2019une feuille plus \u00e9paisse conf\u00e8re une plus grande brillance \u00e0 la dorure et garantit en m\u00eame temps une meilleure tenue dans le temps. L\u2019\u00e9paisseur est toujours exprim\u00e9e en grammes pour 1 000 feuilles. La feuille est conditionn\u00e9e en livrets de 25, puis en paquets de 10 (250 feuilles), 12 (300 feuilles) ou 20 livrets (500 feuilles). Compte tenu du type d\u2019application, le format en feuilles libres est le plus utilis\u00e9. Toutefois, pour certaines r\u00e9alisations ou parfois pour une utilisation en ext\u00e9rieur, il est possible d\u2019utiliser le format \u00e0 transfert. Dans ce cas, la feuille est pos\u00e9e sur un papier de soie (transfert), ce qui facilite la prise en main et acc\u00e9l\u00e8re l\u2019application, tout en r\u00e9duisant le risque de perte ou de dispersion du produit dans des environnements ouverts et venteux.<\/p>\n","protected":false},"excerpt":{"rendered":"<p>La feuille d&#8217;or pour l&#8217;ext\u00e9rieur est utilis\u00e9e pour rev\u00eatir et d\u00e9corer ou restaurer des monuments, des palais, des statues, des d\u00f4mes, des portes. Depuis toujours choisie pour le travail sur des b\u00e2timents historiques et des oeuvres de valeur, la feuille donne de la valeur et de la visibilit\u00e9 aux surfaces, gr\u00e2ce \u00e0 sa capacit\u00e9 \u00e0 r\u00e9fl\u00e9chir la lumi\u00e8re. [&#8230;]<\/p>\n<p><a class=\"btn btn-secondary understrap-read-more-link\" href=\"https:\/\/www.manetti.com\/fr\/produit\/feuille-dor-pour-exterieur\/\">Lire la suite&#8230;<\/a><\/p>\n","protected":false},"featured_media":88681,"template":"","meta":{"_acf_changed":false},"product_brand":[],"product_cat":[164],"product_tag":[181],"product_area":[],"catalog_category":[797,973],"class_list":{"0":"post-88710","1":"product","2":"type-product","3":"status-publish","4":"has-post-thumbnail","6":"product_cat-feuille-dor-veritable","7":"product_tag-foglia-in-libretto-fr","8":"catalog_category-dorure-exterieure","9":"catalog_category-dorure-exterieure-feuille-dor-et-autres-metaux","11":"first","12":"instock","13":"shipping-taxable","14":"purchasable","15":"product-type-variable"},"acf":[],"yoast_head":"<!-- This site is optimized with the Yoast SEO plugin v26.5 - https:\/\/yoast.com\/wordpress\/plugins\/seo\/ -->\n<title>Feuille d\u2019or pour ext\u00e9rieur | Giusto Manetti Battiloro<\/title>\n<meta name=\"description\" content=\"La feuille d&#039;or pour l&#039;ext\u00e9rieur est utilis\u00e9e pour rev\u00eatir et d\u00e9corer ou restaurer des monuments, des palais, des statues, des d\u00f4mes, des portes. Depuis toujours choisie pour le travail sur des b\u00e2timents historiques et des oeuvres de valeur, la feuille donne de la valeur et de la visibilit\u00e9 aux surfaces, gr\u00e2ce \u00e0 sa capacit\u00e9 \u00e0 r\u00e9fl\u00e9chir la lumi\u00e8re.\" \/>\n<meta name=\"robots\" content=\"index, follow, max-snippet:-1, max-image-preview:large, max-video-preview:-1\" \/>\n<link rel=\"canonical\" href=\"https:\/\/www.manetti.com\/fr\/produit\/feuille-dor-pour-exterieur\/\" \/>\n<meta property=\"og:locale\" content=\"fr_FR\" \/>\n<meta property=\"og:type\" content=\"article\" \/>\n<meta property=\"og:title\" content=\"Feuille d\u2019or pour ext\u00e9rieur | Giusto Manetti Battiloro\" \/>\n<meta property=\"og:description\" content=\"La feuille d&#039;or pour l&#039;ext\u00e9rieur est utilis\u00e9e pour rev\u00eatir et d\u00e9corer ou restaurer des monuments, des palais, des statues, des d\u00f4mes, des portes. Depuis toujours choisie pour le travail sur des b\u00e2timents historiques et des oeuvres de valeur, la feuille donne de la valeur et de la visibilit\u00e9 aux surfaces, gr\u00e2ce \u00e0 sa capacit\u00e9 \u00e0 r\u00e9fl\u00e9chir la lumi\u00e8re.\" \/>\n<meta property=\"og:url\" content=\"https:\/\/www.manetti.com\/fr\/produit\/feuille-dor-pour-exterieur\/\" \/>\n<meta property=\"og:site_name\" content=\"Giusto Manetti Battiloro\" \/>\n<meta property=\"article:publisher\" content=\"https:\/\/www.facebook.com\/giustomanettibattiloro\" \/>\n<meta property=\"article:modified_time\" content=\"2026-04-09T12:35:18+00:00\" \/>\n<meta property=\"og:image\" content=\"https:\/\/www.manetti.com\/wp-content\/uploads\/2019\/11\/3.FogliaOroManetti_CatalogoHomepage1920.jpg\" \/>\n<meta name=\"twitter:card\" content=\"summary_large_image\" \/>\n<meta name=\"twitter:title\" content=\"Feuille d\u2019or pour ext\u00e9rieur | Giusto Manetti Battiloro\" \/>\n<meta name=\"twitter:description\" content=\"La feuille d&#039;or pour l&#039;ext\u00e9rieur est utilis\u00e9e pour rev\u00eatir et d\u00e9corer ou restaurer des monuments, des palais, des statues, des d\u00f4mes, des portes. Depuis toujours choisie pour le travail sur des b\u00e2timents historiques et des oeuvres de valeur, la feuille donne de la valeur et de la visibilit\u00e9 aux surfaces, gr\u00e2ce \u00e0 sa capacit\u00e9 \u00e0 r\u00e9fl\u00e9chir la lumi\u00e8re.\" \/>\n<meta name=\"twitter:image\" content=\"https:\/\/www.manetti.com\/wp-content\/uploads\/2019\/11\/3.FogliaOroManetti_CatalogoHomepage1920.jpg\" \/>\n<meta name=\"twitter:label1\" content=\"Dur\u00e9e de lecture estim\u00e9e\" \/>\n\t<meta name=\"twitter:data1\" content=\"1 minute\" \/>\n<script type=\"application\/ld+json\" class=\"yoast-schema-graph\">{\"@context\":\"https:\/\/schema.org\",\"@graph\":[{\"@type\":\"WebPage\",\"@id\":\"https:\/\/www.manetti.com\/fr\/produit\/feuille-dor-pour-exterieur\/\",\"url\":\"https:\/\/www.manetti.com\/fr\/produit\/feuille-dor-pour-exterieur\/\",\"name\":\"Feuille d\u2019or pour ext\u00e9rieur | Giusto Manetti Battiloro\",\"isPartOf\":{\"@id\":\"https:\/\/www.manetti.com\/fr\/#website\"},\"primaryImageOfPage\":{\"@id\":\"https:\/\/www.manetti.com\/fr\/produit\/feuille-dor-pour-exterieur\/#primaryimage\"},\"image\":{\"@id\":\"https:\/\/www.manetti.com\/fr\/produit\/feuille-dor-pour-exterieur\/#primaryimage\"},\"thumbnailUrl\":\"https:\/\/www.manetti.com\/wp-content\/uploads\/2026\/03\/24KT-ORO_scatola-e-libretti_web.png\",\"datePublished\":\"2020-01-30T13:24:34+00:00\",\"dateModified\":\"2026-04-09T12:35:18+00:00\",\"description\":\"La feuille d'or pour l'ext\u00e9rieur est utilis\u00e9e pour rev\u00eatir et d\u00e9corer ou restaurer des monuments, des palais, des statues, des d\u00f4mes, des portes. Depuis toujours choisie pour le travail sur des b\u00e2timents historiques et des oeuvres de valeur, la feuille donne de la valeur et de la visibilit\u00e9 aux surfaces, gr\u00e2ce \u00e0 sa capacit\u00e9 \u00e0 r\u00e9fl\u00e9chir la lumi\u00e8re.\",\"inLanguage\":\"fr-FR\",\"potentialAction\":[{\"@type\":\"ReadAction\",\"target\":[\"https:\/\/www.manetti.com\/fr\/produit\/feuille-dor-pour-exterieur\/\"]}]},{\"@type\":\"ImageObject\",\"inLanguage\":\"fr-FR\",\"@id\":\"https:\/\/www.manetti.com\/fr\/produit\/feuille-dor-pour-exterieur\/#primaryimage\",\"url\":\"https:\/\/www.manetti.com\/wp-content\/uploads\/2026\/03\/24KT-ORO_scatola-e-libretti_web.png\",\"contentUrl\":\"https:\/\/www.manetti.com\/wp-content\/uploads\/2026\/03\/24KT-ORO_scatola-e-libretti_web.png\",\"width\":900,\"height\":900},{\"@type\":\"WebSite\",\"@id\":\"https:\/\/www.manetti.com\/fr\/#website\",\"url\":\"https:\/\/www.manetti.com\/fr\/\",\"name\":\"Giusto Manetti Battiloro\",\"description\":\"\",\"publisher\":{\"@id\":\"https:\/\/www.manetti.com\/fr\/#organization\"},\"potentialAction\":[{\"@type\":\"SearchAction\",\"target\":{\"@type\":\"EntryPoint\",\"urlTemplate\":\"https:\/\/www.manetti.com\/fr\/?s={search_term_string}\"},\"query-input\":{\"@type\":\"PropertyValueSpecification\",\"valueRequired\":true,\"valueName\":\"search_term_string\"}}],\"inLanguage\":\"fr-FR\"},{\"@type\":\"Organization\",\"@id\":\"https:\/\/www.manetti.com\/fr\/#organization\",\"name\":\"GIUSTO MANETTI BATTILORO S.P.A.\",\"url\":\"https:\/\/www.manetti.com\/fr\/\",\"logo\":{\"@type\":\"ImageObject\",\"inLanguage\":\"fr-FR\",\"@id\":\"https:\/\/www.manetti.com\/fr\/#\/schema\/logo\/image\/\",\"url\":\"https:\/\/www.manetti.com\/wp-content\/uploads\/2025\/02\/giusto-manetti-blu_300-02.png\",\"contentUrl\":\"https:\/\/www.manetti.com\/wp-content\/uploads\/2025\/02\/giusto-manetti-blu_300-02.png\",\"width\":1123,\"height\":1093,\"caption\":\"GIUSTO MANETTI BATTILORO S.P.A.\"},\"image\":{\"@id\":\"https:\/\/www.manetti.com\/fr\/#\/schema\/logo\/image\/\"},\"sameAs\":[\"https:\/\/www.facebook.com\/giustomanettibattiloro\",\"https:\/\/www.instagram.com\/giustomanettibattiloro\/\",\"https:\/\/www.linkedin.com\/company\/giusto-manetti-battiloro-s-p-a-\/\",\"https:\/\/www.youtube.com\/user\/ManettiBattiloro\"]}]}<\/script>\n<!-- \/ Yoast SEO plugin. -->","yoast_head_json":{"title":"Feuille d\u2019or pour ext\u00e9rieur | Giusto Manetti Battiloro","description":"La feuille d'or pour l'ext\u00e9rieur est utilis\u00e9e pour rev\u00eatir et d\u00e9corer ou restaurer des monuments, des palais, des statues, des d\u00f4mes, des portes. Depuis toujours choisie pour le travail sur des b\u00e2timents historiques et des oeuvres de valeur, la feuille donne de la valeur et de la visibilit\u00e9 aux surfaces, gr\u00e2ce \u00e0 sa capacit\u00e9 \u00e0 r\u00e9fl\u00e9chir la lumi\u00e8re.","robots":{"index":"index","follow":"follow","max-snippet":"max-snippet:-1","max-image-preview":"max-image-preview:large","max-video-preview":"max-video-preview:-1"},"canonical":"https:\/\/www.manetti.com\/fr\/produit\/feuille-dor-pour-exterieur\/","og_locale":"fr_FR","og_type":"article","og_title":"Feuille d\u2019or pour ext\u00e9rieur | Giusto Manetti Battiloro","og_description":"La feuille d'or pour l'ext\u00e9rieur est utilis\u00e9e pour rev\u00eatir et d\u00e9corer ou restaurer des monuments, des palais, des statues, des d\u00f4mes, des portes. Depuis toujours choisie pour le travail sur des b\u00e2timents historiques et des oeuvres de valeur, la feuille donne de la valeur et de la visibilit\u00e9 aux surfaces, gr\u00e2ce \u00e0 sa capacit\u00e9 \u00e0 r\u00e9fl\u00e9chir la lumi\u00e8re.","og_url":"https:\/\/www.manetti.com\/fr\/produit\/feuille-dor-pour-exterieur\/","og_site_name":"Giusto Manetti Battiloro","article_publisher":"https:\/\/www.facebook.com\/giustomanettibattiloro","article_modified_time":"2026-04-09T12:35:18+00:00","og_image":[{"url":"https:\/\/www.manetti.com\/wp-content\/uploads\/2019\/11\/3.FogliaOroManetti_CatalogoHomepage1920.jpg","type":"","width":"","height":""}],"twitter_card":"summary_large_image","twitter_title":"Feuille d\u2019or pour ext\u00e9rieur | Giusto Manetti Battiloro","twitter_description":"La feuille d'or pour l'ext\u00e9rieur est utilis\u00e9e pour rev\u00eatir et d\u00e9corer ou restaurer des monuments, des palais, des statues, des d\u00f4mes, des portes. Depuis toujours choisie pour le travail sur des b\u00e2timents historiques et des oeuvres de valeur, la feuille donne de la valeur et de la visibilit\u00e9 aux surfaces, gr\u00e2ce \u00e0 sa capacit\u00e9 \u00e0 r\u00e9fl\u00e9chir la lumi\u00e8re.","twitter_image":"https:\/\/www.manetti.com\/wp-content\/uploads\/2019\/11\/3.FogliaOroManetti_CatalogoHomepage1920.jpg","twitter_misc":{"Dur\u00e9e de lecture estim\u00e9e":"1 minute"},"schema":{"@context":"https:\/\/schema.org","@graph":[{"@type":"WebPage","@id":"https:\/\/www.manetti.com\/fr\/produit\/feuille-dor-pour-exterieur\/","url":"https:\/\/www.manetti.com\/fr\/produit\/feuille-dor-pour-exterieur\/","name":"Feuille d\u2019or pour ext\u00e9rieur | Giusto Manetti Battiloro","isPartOf":{"@id":"https:\/\/www.manetti.com\/fr\/#website"},"primaryImageOfPage":{"@id":"https:\/\/www.manetti.com\/fr\/produit\/feuille-dor-pour-exterieur\/#primaryimage"},"image":{"@id":"https:\/\/www.manetti.com\/fr\/produit\/feuille-dor-pour-exterieur\/#primaryimage"},"thumbnailUrl":"https:\/\/www.manetti.com\/wp-content\/uploads\/2026\/03\/24KT-ORO_scatola-e-libretti_web.png","datePublished":"2020-01-30T13:24:34+00:00","dateModified":"2026-04-09T12:35:18+00:00","description":"La feuille d'or pour l'ext\u00e9rieur est utilis\u00e9e pour rev\u00eatir et d\u00e9corer ou restaurer des monuments, des palais, des statues, des d\u00f4mes, des portes. Depuis toujours choisie pour le travail sur des b\u00e2timents historiques et des oeuvres de valeur, la feuille donne de la valeur et de la visibilit\u00e9 aux surfaces, gr\u00e2ce \u00e0 sa capacit\u00e9 \u00e0 r\u00e9fl\u00e9chir la lumi\u00e8re.","inLanguage":"fr-FR","potentialAction":[{"@type":"ReadAction","target":["https:\/\/www.manetti.com\/fr\/produit\/feuille-dor-pour-exterieur\/"]}]},{"@type":"ImageObject","inLanguage":"fr-FR","@id":"https:\/\/www.manetti.com\/fr\/produit\/feuille-dor-pour-exterieur\/#primaryimage","url":"https:\/\/www.manetti.com\/wp-content\/uploads\/2026\/03\/24KT-ORO_scatola-e-libretti_web.png","contentUrl":"https:\/\/www.manetti.com\/wp-content\/uploads\/2026\/03\/24KT-ORO_scatola-e-libretti_web.png","width":900,"height":900},{"@type":"WebSite","@id":"https:\/\/www.manetti.com\/fr\/#website","url":"https:\/\/www.manetti.com\/fr\/","name":"Giusto Manetti Battiloro","description":"","publisher":{"@id":"https:\/\/www.manetti.com\/fr\/#organization"},"potentialAction":[{"@type":"SearchAction","target":{"@type":"EntryPoint","urlTemplate":"https:\/\/www.manetti.com\/fr\/?s={search_term_string}"},"query-input":{"@type":"PropertyValueSpecification","valueRequired":true,"valueName":"search_term_string"}}],"inLanguage":"fr-FR"},{"@type":"Organization","@id":"https:\/\/www.manetti.com\/fr\/#organization","name":"GIUSTO MANETTI BATTILORO S.P.A.","url":"https:\/\/www.manetti.com\/fr\/","logo":{"@type":"ImageObject","inLanguage":"fr-FR","@id":"https:\/\/www.manetti.com\/fr\/#\/schema\/logo\/image\/","url":"https:\/\/www.manetti.com\/wp-content\/uploads\/2025\/02\/giusto-manetti-blu_300-02.png","contentUrl":"https:\/\/www.manetti.com\/wp-content\/uploads\/2025\/02\/giusto-manetti-blu_300-02.png","width":1123,"height":1093,"caption":"GIUSTO MANETTI BATTILORO S.P.A."},"image":{"@id":"https:\/\/www.manetti.com\/fr\/#\/schema\/logo\/image\/"},"sameAs":["https:\/\/www.facebook.com\/giustomanettibattiloro","https:\/\/www.instagram.com\/giustomanettibattiloro\/","https:\/\/www.linkedin.com\/company\/giusto-manetti-battiloro-s-p-a-\/","https:\/\/www.youtube.com\/user\/ManettiBattiloro"]}]}},"_links":{"self":[{"href":"https:\/\/www.manetti.com\/fr\/wp-json\/wp\/v2\/product\/88710","targetHints":{"allow":["GET"]}}],"collection":[{"href":"https:\/\/www.manetti.com\/fr\/wp-json\/wp\/v2\/product"}],"about":[{"href":"https:\/\/www.manetti.com\/fr\/wp-json\/wp\/v2\/types\/product"}],"wp:featuredmedia":[{"embeddable":true,"href":"https:\/\/www.manetti.com\/fr\/wp-json\/wp\/v2\/media\/88681"}],"wp:attachment":[{"href":"https:\/\/www.manetti.com\/fr\/wp-json\/wp\/v2\/media?parent=88710"}],"wp:term":[{"taxonomy":"product_brand","embeddable":true,"href":"https:\/\/www.manetti.com\/fr\/wp-json\/wp\/v2\/product_brand?post=88710"},{"taxonomy":"product_cat","embeddable":true,"href":"https:\/\/www.manetti.com\/fr\/wp-json\/wp\/v2\/product_cat?post=88710"},{"taxonomy":"product_tag","embeddable":true,"href":"https:\/\/www.manetti.com\/fr\/wp-json\/wp\/v2\/product_tag?post=88710"},{"taxonomy":"product_area","embeddable":true,"href":"https:\/\/www.manetti.com\/fr\/wp-json\/wp\/v2\/product_area?post=88710"},{"taxonomy":"catalog_category","embeddable":true,"href":"https:\/\/www.manetti.com\/fr\/wp-json\/wp\/v2\/catalog_category?post=88710"}],"curies":[{"name":"wp","href":"https:\/\/api.w.org\/{rel}","templated":true}]}}