{"id":89403,"date":"2026-04-28T14:45:29","date_gmt":"2026-04-28T12:45:29","guid":{"rendered":"https:\/\/www.manetti.com\/?post_type=product&#038;p=89403"},"modified":"2026-05-04T10:26:41","modified_gmt":"2026-05-04T08:26:41","slug":"bolus-dargile-copia","status":"publish","type":"product","link":"https:\/\/www.manetti.com\/fr\/produit\/bolus-dargile-copia\/","title":{"rendered":"Assiette \u00e0 dorer type s en p\u00e2te"},"content":{"rendered":"<p>Base de p\u00e2te \u00e0 base d\u2019argile, formul\u00e9e pour la dorure \u00e0 l\u2019eau sur supports en bois pr\u00e9par\u00e9s avec du gesso.<br \/>\nElle cr\u00e9e une couche interm\u00e9diaire uniforme, compacte et polissable qui am\u00e9liore l\u2019adh\u00e9rence de la feuille m\u00e9tallique, renforce le brunissage et apporte profondeur chromatique et chaleur au m\u00e9tal appliqu\u00e9. Sa composition min\u00e9rale et sa granulom\u00e9trie contr\u00f4l\u00e9e assurent des surfaces lisses et compactes, id\u00e9ales pour des finitions d\u00e9coratives de haute qualit\u00e9.<\/p>\n","protected":false},"excerpt":{"rendered":"<p>Base de p\u00e2te \u00e0 base d\u2019argile, formul\u00e9e pour la dorure \u00e0 l\u2019eau sur supports en bois pr\u00e9par\u00e9s avec du gesso. Elle cr\u00e9e une couche interm\u00e9diaire uniforme, compacte et polissable qui am\u00e9liore l\u2019adh\u00e9rence de la feuille m\u00e9tallique, renforce le brunissage et apporte profondeur chromatique et chaleur au m\u00e9tal appliqu\u00e9. Sa composition min\u00e9rale et sa granulom\u00e9trie contr\u00f4l\u00e9e [&#8230;]<\/p>\n<p><a class=\"btn btn-secondary understrap-read-more-link\" href=\"https:\/\/www.manetti.com\/fr\/produit\/bolus-dargile-copia\/\">Lire la suite&#8230;<\/a><\/p>\n","protected":false},"featured_media":89492,"template":"","meta":{"_acf_changed":false},"product_brand":[],"product_cat":[383],"product_tag":[188],"product_area":[],"catalog_category":[781,793,857,957],"class_list":{"0":"post-89403","1":"product","2":"type-product","3":"status-publish","4":"has-post-thumbnail","6":"product_cat-dorure-a-leau","7":"product_tag-boli-fr","8":"catalog_category-iconographie","9":"catalog_category-dorure-et-restauration","10":"catalog_category-dorure-et-restauration-bol-et-gesso","11":"catalog_category-iconographie-bol-et-gesso","13":"first","14":"instock","15":"shipping-taxable","16":"purchasable","17":"product-type-variable"},"acf":[],"yoast_head":"<!-- This site is optimized with the Yoast SEO plugin v26.5 - https:\/\/yoast.com\/wordpress\/plugins\/seo\/ -->\n<title>Assiette \u00e0 dorer type s en p\u00e2te | Giusto Manetti Battiloro<\/title>\n<meta name=\"description\" content=\"Base de p\u00e2te \u00e0 base d\u2019argile, formul\u00e9e pour la dorure \u00e0 l\u2019eau sur supports en bois pr\u00e9par\u00e9s avec du gesso. Elle cr\u00e9e une couche interm\u00e9diaire uniforme,\" \/>\n<meta name=\"robots\" content=\"index, follow, max-snippet:-1, max-image-preview:large, max-video-preview:-1\" \/>\n<link rel=\"canonical\" href=\"https:\/\/www.manetti.com\/fr\/produit\/bolus-dargile-copia\/\" \/>\n<meta property=\"og:locale\" content=\"fr_FR\" \/>\n<meta property=\"og:type\" content=\"article\" \/>\n<meta property=\"og:title\" content=\"Assiette \u00e0 dorer type s en p\u00e2te | Giusto Manetti Battiloro\" \/>\n<meta property=\"og:description\" content=\"Base de p\u00e2te \u00e0 base d\u2019argile, formul\u00e9e pour la dorure \u00e0 l\u2019eau sur supports en bois pr\u00e9par\u00e9s avec du gesso. Elle cr\u00e9e une couche interm\u00e9diaire uniforme,\" \/>\n<meta property=\"og:url\" content=\"https:\/\/www.manetti.com\/fr\/produit\/bolus-dargile-copia\/\" \/>\n<meta property=\"og:site_name\" content=\"Giusto Manetti Battiloro\" \/>\n<meta property=\"article:publisher\" content=\"https:\/\/www.facebook.com\/giustomanettibattiloro\" \/>\n<meta property=\"article:modified_time\" content=\"2026-05-04T08:26:41+00:00\" \/>\n<meta property=\"og:image\" content=\"https:\/\/www.manetti.com\/wp-content\/uploads\/2026\/04\/Bolo-tipo-S_manetti.png\" \/>\n\t<meta property=\"og:image:width\" content=\"900\" \/>\n\t<meta property=\"og:image:height\" content=\"900\" \/>\n\t<meta property=\"og:image:type\" content=\"image\/png\" \/>\n<meta name=\"twitter:card\" content=\"summary_large_image\" \/>\n<script type=\"application\/ld+json\" class=\"yoast-schema-graph\">{\"@context\":\"https:\/\/schema.org\",\"@graph\":[{\"@type\":\"WebPage\",\"@id\":\"https:\/\/www.manetti.com\/fr\/produit\/bolus-dargile-copia\/\",\"url\":\"https:\/\/www.manetti.com\/fr\/produit\/bolus-dargile-copia\/\",\"name\":\"Assiette \u00e0 dorer type s en p\u00e2te | Giusto Manetti Battiloro\",\"isPartOf\":{\"@id\":\"https:\/\/www.manetti.com\/fr\/#website\"},\"primaryImageOfPage\":{\"@id\":\"https:\/\/www.manetti.com\/fr\/produit\/bolus-dargile-copia\/#primaryimage\"},\"image\":{\"@id\":\"https:\/\/www.manetti.com\/fr\/produit\/bolus-dargile-copia\/#primaryimage\"},\"thumbnailUrl\":\"https:\/\/www.manetti.com\/wp-content\/uploads\/2026\/04\/Bolo-tipo-S_manetti.png\",\"datePublished\":\"2026-04-28T12:45:29+00:00\",\"dateModified\":\"2026-05-04T08:26:41+00:00\",\"description\":\"Base de p\u00e2te \u00e0 base d\u2019argile, formul\u00e9e pour la dorure \u00e0 l\u2019eau sur supports en bois pr\u00e9par\u00e9s avec du gesso. Elle cr\u00e9e une couche interm\u00e9diaire uniforme,\",\"inLanguage\":\"fr-FR\",\"potentialAction\":[{\"@type\":\"ReadAction\",\"target\":[\"https:\/\/www.manetti.com\/fr\/produit\/bolus-dargile-copia\/\"]}]},{\"@type\":\"ImageObject\",\"inLanguage\":\"fr-FR\",\"@id\":\"https:\/\/www.manetti.com\/fr\/produit\/bolus-dargile-copia\/#primaryimage\",\"url\":\"https:\/\/www.manetti.com\/wp-content\/uploads\/2026\/04\/Bolo-tipo-S_manetti.png\",\"contentUrl\":\"https:\/\/www.manetti.com\/wp-content\/uploads\/2026\/04\/Bolo-tipo-S_manetti.png\",\"width\":900,\"height\":900},{\"@type\":\"WebSite\",\"@id\":\"https:\/\/www.manetti.com\/fr\/#website\",\"url\":\"https:\/\/www.manetti.com\/fr\/\",\"name\":\"Giusto Manetti Battiloro\",\"description\":\"\",\"publisher\":{\"@id\":\"https:\/\/www.manetti.com\/fr\/#organization\"},\"potentialAction\":[{\"@type\":\"SearchAction\",\"target\":{\"@type\":\"EntryPoint\",\"urlTemplate\":\"https:\/\/www.manetti.com\/fr\/?s={search_term_string}\"},\"query-input\":{\"@type\":\"PropertyValueSpecification\",\"valueRequired\":true,\"valueName\":\"search_term_string\"}}],\"inLanguage\":\"fr-FR\"},{\"@type\":\"Organization\",\"@id\":\"https:\/\/www.manetti.com\/fr\/#organization\",\"name\":\"GIUSTO MANETTI BATTILORO S.P.A.\",\"url\":\"https:\/\/www.manetti.com\/fr\/\",\"logo\":{\"@type\":\"ImageObject\",\"inLanguage\":\"fr-FR\",\"@id\":\"https:\/\/www.manetti.com\/fr\/#\/schema\/logo\/image\/\",\"url\":\"https:\/\/www.manetti.com\/wp-content\/uploads\/2025\/02\/giusto-manetti-blu_300-02.png\",\"contentUrl\":\"https:\/\/www.manetti.com\/wp-content\/uploads\/2025\/02\/giusto-manetti-blu_300-02.png\",\"width\":1123,\"height\":1093,\"caption\":\"GIUSTO MANETTI BATTILORO S.P.A.\"},\"image\":{\"@id\":\"https:\/\/www.manetti.com\/fr\/#\/schema\/logo\/image\/\"},\"sameAs\":[\"https:\/\/www.facebook.com\/giustomanettibattiloro\",\"https:\/\/www.instagram.com\/giustomanettibattiloro\/\",\"https:\/\/www.linkedin.com\/company\/giusto-manetti-battiloro-s-p-a-\/\",\"https:\/\/www.youtube.com\/user\/ManettiBattiloro\"]}]}<\/script>\n<!-- \/ Yoast SEO plugin. -->","yoast_head_json":{"title":"Assiette \u00e0 dorer type s en p\u00e2te | Giusto Manetti Battiloro","description":"Base de p\u00e2te \u00e0 base d\u2019argile, formul\u00e9e pour la dorure \u00e0 l\u2019eau sur supports en bois pr\u00e9par\u00e9s avec du gesso. Elle cr\u00e9e une couche interm\u00e9diaire uniforme,","robots":{"index":"index","follow":"follow","max-snippet":"max-snippet:-1","max-image-preview":"max-image-preview:large","max-video-preview":"max-video-preview:-1"},"canonical":"https:\/\/www.manetti.com\/fr\/produit\/bolus-dargile-copia\/","og_locale":"fr_FR","og_type":"article","og_title":"Assiette \u00e0 dorer type s en p\u00e2te | Giusto Manetti Battiloro","og_description":"Base de p\u00e2te \u00e0 base d\u2019argile, formul\u00e9e pour la dorure \u00e0 l\u2019eau sur supports en bois pr\u00e9par\u00e9s avec du gesso. Elle cr\u00e9e une couche interm\u00e9diaire uniforme,","og_url":"https:\/\/www.manetti.com\/fr\/produit\/bolus-dargile-copia\/","og_site_name":"Giusto Manetti Battiloro","article_publisher":"https:\/\/www.facebook.com\/giustomanettibattiloro","article_modified_time":"2026-05-04T08:26:41+00:00","og_image":[{"width":900,"height":900,"url":"https:\/\/www.manetti.com\/wp-content\/uploads\/2026\/04\/Bolo-tipo-S_manetti.png","type":"image\/png"}],"twitter_card":"summary_large_image","schema":{"@context":"https:\/\/schema.org","@graph":[{"@type":"WebPage","@id":"https:\/\/www.manetti.com\/fr\/produit\/bolus-dargile-copia\/","url":"https:\/\/www.manetti.com\/fr\/produit\/bolus-dargile-copia\/","name":"Assiette \u00e0 dorer type s en p\u00e2te | Giusto Manetti Battiloro","isPartOf":{"@id":"https:\/\/www.manetti.com\/fr\/#website"},"primaryImageOfPage":{"@id":"https:\/\/www.manetti.com\/fr\/produit\/bolus-dargile-copia\/#primaryimage"},"image":{"@id":"https:\/\/www.manetti.com\/fr\/produit\/bolus-dargile-copia\/#primaryimage"},"thumbnailUrl":"https:\/\/www.manetti.com\/wp-content\/uploads\/2026\/04\/Bolo-tipo-S_manetti.png","datePublished":"2026-04-28T12:45:29+00:00","dateModified":"2026-05-04T08:26:41+00:00","description":"Base de p\u00e2te \u00e0 base d\u2019argile, formul\u00e9e pour la dorure \u00e0 l\u2019eau sur supports en bois pr\u00e9par\u00e9s avec du gesso. Elle cr\u00e9e une couche interm\u00e9diaire uniforme,","inLanguage":"fr-FR","potentialAction":[{"@type":"ReadAction","target":["https:\/\/www.manetti.com\/fr\/produit\/bolus-dargile-copia\/"]}]},{"@type":"ImageObject","inLanguage":"fr-FR","@id":"https:\/\/www.manetti.com\/fr\/produit\/bolus-dargile-copia\/#primaryimage","url":"https:\/\/www.manetti.com\/wp-content\/uploads\/2026\/04\/Bolo-tipo-S_manetti.png","contentUrl":"https:\/\/www.manetti.com\/wp-content\/uploads\/2026\/04\/Bolo-tipo-S_manetti.png","width":900,"height":900},{"@type":"WebSite","@id":"https:\/\/www.manetti.com\/fr\/#website","url":"https:\/\/www.manetti.com\/fr\/","name":"Giusto Manetti Battiloro","description":"","publisher":{"@id":"https:\/\/www.manetti.com\/fr\/#organization"},"potentialAction":[{"@type":"SearchAction","target":{"@type":"EntryPoint","urlTemplate":"https:\/\/www.manetti.com\/fr\/?s={search_term_string}"},"query-input":{"@type":"PropertyValueSpecification","valueRequired":true,"valueName":"search_term_string"}}],"inLanguage":"fr-FR"},{"@type":"Organization","@id":"https:\/\/www.manetti.com\/fr\/#organization","name":"GIUSTO MANETTI BATTILORO S.P.A.","url":"https:\/\/www.manetti.com\/fr\/","logo":{"@type":"ImageObject","inLanguage":"fr-FR","@id":"https:\/\/www.manetti.com\/fr\/#\/schema\/logo\/image\/","url":"https:\/\/www.manetti.com\/wp-content\/uploads\/2025\/02\/giusto-manetti-blu_300-02.png","contentUrl":"https:\/\/www.manetti.com\/wp-content\/uploads\/2025\/02\/giusto-manetti-blu_300-02.png","width":1123,"height":1093,"caption":"GIUSTO MANETTI BATTILORO S.P.A."},"image":{"@id":"https:\/\/www.manetti.com\/fr\/#\/schema\/logo\/image\/"},"sameAs":["https:\/\/www.facebook.com\/giustomanettibattiloro","https:\/\/www.instagram.com\/giustomanettibattiloro\/","https:\/\/www.linkedin.com\/company\/giusto-manetti-battiloro-s-p-a-\/","https:\/\/www.youtube.com\/user\/ManettiBattiloro"]}]}},"_links":{"self":[{"href":"https:\/\/www.manetti.com\/fr\/wp-json\/wp\/v2\/product\/89403","targetHints":{"allow":["GET"]}}],"collection":[{"href":"https:\/\/www.manetti.com\/fr\/wp-json\/wp\/v2\/product"}],"about":[{"href":"https:\/\/www.manetti.com\/fr\/wp-json\/wp\/v2\/types\/product"}],"wp:featuredmedia":[{"embeddable":true,"href":"https:\/\/www.manetti.com\/fr\/wp-json\/wp\/v2\/media\/89492"}],"wp:attachment":[{"href":"https:\/\/www.manetti.com\/fr\/wp-json\/wp\/v2\/media?parent=89403"}],"wp:term":[{"taxonomy":"product_brand","embeddable":true,"href":"https:\/\/www.manetti.com\/fr\/wp-json\/wp\/v2\/product_brand?post=89403"},{"taxonomy":"product_cat","embeddable":true,"href":"https:\/\/www.manetti.com\/fr\/wp-json\/wp\/v2\/product_cat?post=89403"},{"taxonomy":"product_tag","embeddable":true,"href":"https:\/\/www.manetti.com\/fr\/wp-json\/wp\/v2\/product_tag?post=89403"},{"taxonomy":"product_area","embeddable":true,"href":"https:\/\/www.manetti.com\/fr\/wp-json\/wp\/v2\/product_area?post=89403"},{"taxonomy":"catalog_category","embeddable":true,"href":"https:\/\/www.manetti.com\/fr\/wp-json\/wp\/v2\/catalog_category?post=89403"}],"curies":[{"name":"wp","href":"https:\/\/api.w.org\/{rel}","templated":true}]}}